{"id":78,"date":"2024-12-23T14:55:08","date_gmt":"2024-12-23T13:55:08","guid":{"rendered":"https:\/\/service.rotoplastic.it\/www\/?page_id=78"},"modified":"2026-02-05T13:44:34","modified_gmt":"2026-02-05T12:44:34","slug":"carousel","status":"publish","type":"page","link":"https:\/\/www.rotoplastic.net\/en\/carousel\/","title":{"rendered":"PRODUCTS"},"content":{"rendered":"<div id=\"about-5\" class=\"about-text-icons-section white-text-section\" style=\"background-color: #096177; background-image: none;\" data-label=\"About\" data-id=\"about-text-icons-section\" data-category=\"about\" data-ovid=\"ovid-about-5-135\">\n<div class=\"gridContainer\">\n<div class=\"about-text-icons-innerrow dynamic-color\">\n<div class=\"about-text-icons-textcol\" data-type=\"column\">\n<h5 class=\"\">THE GOAL OF ROTOPLASTIC<\/h5>\n<h3 class=\"\">Constant development<\/h3>\n<p class=\"\">Rotoplastic continues the evolution of rotational moulding machines. The aim is to produce competitive, high quality machines.<\/p>\n\n<h5 class=\"\">HIGH QUALITY HIGH PRODUCTION LOW CONSUMPTION<\/h5>\n<p class=\"\">Built with the latest technology, our machines have superior quality and are designed to increase productivity by decreasing consumption, less wastefulness, and more attention to costs and the environment. The structure is made of metal profiles and highly efficient insulation panels.<\/p>\n\n<h5 class=\"\">MECHANICS<\/h5>\n<p class=\"\">The arms have internal passages for three high-pressure airs with the Mouldmix option. It is possible to use the third passage with air, a liquid (e.g. water) or the mixture of the two air\/liquid for rapid internal mould cooling.<\/p>\n<p class=\"\">Standards with a seamless mechanical assembly concept in order to eliminate mechanical breaks resulting from material stress. The materials used are all of European origin and certified.<\/p>\n\n<\/div>\n<div class=\"about-text-icons-cols flexbox-list\">\n<div class=\"about-text-icons-iconcol\"><i class=\"font-icon-21 fa fa-envira color5\" data-cp-fa=\"true\"><\/i>\n<h4>ENERGY EFFICIENCY<\/h4>\n<p class=\"\">Efficient reduction of electricity consumption: the electrical power installed in our machines is 35% lower than machines of the same category currently on the market, and our electricity consumption in kw\/h is reduced to 50%.<\/p>\n<a href=\"#\" target=\"_self\" data-reiki-hidden=\"true\"><i class=\"font-icon-20 fa fa-angle-double-right color6\" data-cp-fa=\"true\"><\/i>\u00a0learn more<\/a>\n\n<\/div>\n<div class=\"about-text-icons-iconcol\"><i class=\"font-icon-21 fa fa-snowflake-o color5\" data-cp-fa=\"true\"><\/i>\n<h4>COOLING<\/h4>\n<p class=\"\">Cooling station, cooling fans with a capacity of 40,000 m3\/h are installed. Thanks to our SUPERMIX system, which uses simple compressed air and tap water, we can significantly reduce cooling times with no loss of liquid in the floor and significant water savings compared to solutions on the market today.<\/p>\n<a href=\"#\" target=\"_self\" data-reiki-hidden=\"true\"><i class=\"font-icon-20 fa fa-angle-double-right color6\" data-cp-fa=\"true\"><\/i>\u00a0learn more<\/a>\n\n<\/div>\n<div class=\"about-text-icons-iconcol\"><i class=\"font-icon-21 fa fa-flash color5\" data-cp-fa=\"true\"><\/i>\n<h4>EFFICIENCY OF PROCESS AIR RECIRCULATION<\/h4>\n<p class=\"\">Our speed control algorithm, linked to ambient pressure and air temperature, allows the air fan in the moulding chamber to use less energy. This allows the use of a parallel-axis geared motor to completely eliminate power losses on the drive train resulting from traditional belt drives. High-efficiency inverters and IE3 motors allow for minimal energy consumption. Our control system allows the 30% to have a lower electrical consumption of the moulding chamber than the same machine models of competitors.<\/p>\n<a href=\"#\" target=\"_self\" data-reiki-hidden=\"true\"><i class=\"font-icon-20 fa fa-angle-double-right color6\" data-cp-fa=\"true\"><\/i>\u00a0learn more<\/a>\n\n<\/div>\n<div class=\"about-text-icons-iconcol\"><i class=\"font-icon-21 fa fa-fire color5\" data-cp-fa=\"true\"><\/i>\n<h4>HEATING<\/h4>\n<p class=\"\">The furnace, composed of steel sheet, ceramic fibre and glass fibre panels, allows an internal temperature of 350-370\u00b0C and an external wall temperature of 40\u00b0C. The combustion chamber, via the open heat exchanger, can reach 600\u00b0C, creating an energy storage.<\/p>\n<p class=\"\">Thanks to the OPEN CHAMBER and the horizontal positioning of the burner, an oxygen dispersion of 4% is achieved, compared to the 10% of conventional machines. In addition, CO is less than 25 milligrams per cubic metre of air while Nox gas is less than 40 milligrams per cubic metre, thus reaching the minimum emission limit that this technology can achieve and still be lower than the 80% compared to the entire existing fleet of machines.<\/p>\n<a href=\"#\" target=\"_self\" data-reiki-hidden=\"true\"><i class=\"font-icon-20 fa fa-angle-double-right color6\" data-cp-fa=\"true\"><\/i>\u00a0learn more<\/a>\n\n<\/div>\n<\/div>\n<\/div>\n<\/div>\n<\/div>\n<div id=\"features-7\" class=\"features-square-image-section white-text-section\" style=\"background-color: #096177; background-image: none;\" data-label=\"Features\" data-id=\"features-square-image-section\" data-category=\"features\" data-ovid=\"ovid-features-7-127\">\n<div class=\"gridContainer dynamic-color\">\n<div class=\"features-square-image-textrow\">\n<div class=\"features-square-image-textcol\" data-type=\"column\">\n<h2 class=\"\">THE RIGHT MACHINE FOR EVERY NEED<\/h2>\n<\/div>\n<\/div>\n<div class=\"features-square-image-innerrow\" data-type=\"row\">\n<div class=\"features-square-image-featcol cp4cols cp6cols-tablet\"><img decoding=\"async\" class=\"features-square-image-featimg\" src=\"https:\/\/www.rotoplastic.net\/wp-content\/uploads\/2024\/12\/RC.png\" alt=\"\" \/>\n<h4 class=\"\">RC SERIES<\/h4>\n<p class=\"\">The top of the range to go beyond the hitherto unattainable limits for manufacturers of high-tech components.<\/p>\n<a class=\"\" href=\"https:\/\/www.rotoplastic.net\/en\/?page_id=190\" target=\"_self\"><i class=\"font-icon-22 fa fa-arrow-circle-right color5\" data-cp-fa=\"true\"><\/i>\u00a0learn more<\/a>\n\n<\/div>\n<div class=\"features-square-image-featcol cp4cols cp6cols-tablet\"><img decoding=\"async\" class=\"features-square-image-featimg\" src=\"https:\/\/www.rotoplastic.net\/wp-content\/uploads\/2024\/12\/RCE.png\" alt=\"\" \/>\n<h4 class=\"\">RCE SERIES<\/h4>\n<p class=\"\">The right machine for everyday production, for those who have to maximise profit in a maximalist production.<\/p>\n<a class=\"\" href=\"https:\/\/www.rotoplastic.net\/en\/?page_id=191\" target=\"_self\"><i class=\"font-icon-22 fa fa-arrow-circle-right color5\" data-cp-fa=\"true\"><\/i>\u00a0learn more<\/a>\n\n<\/div>\n<div class=\"features-square-image-featcol cp4cols cp6cols-tablet\"><img decoding=\"async\" class=\"features-square-image-featimg\" src=\"https:\/\/www.rotoplastic.net\/wp-content\/uploads\/2024\/12\/RS.png\" alt=\"\" \/>\n<h4 class=\"\">RS SERIES<\/h4>\n<p class=\"\">The top of the range of shuttle machines the RC version but in a Shuttle version, particularly suitable for prototyping<\/p>\n<a class=\"\" href=\"https:\/\/www.rotoplastic.net\/en\/?page_id=81\" target=\"_self\"><i class=\"font-icon-22 fa fa-arrow-circle-right color5\" data-cp-fa=\"true\"><\/i>\u00a0learn more<\/a>\n\n<\/div>\n<\/div>\n<\/div>\n<\/div>","protected":false},"excerpt":{"rendered":"<p>L\u2019OBBIETTIVO DI ROTOPLASTIC Sviluppo costante Rotoplastic continua l\u2019evoluzione delle macchine per stampaggio rotazionale. L\u2019obbiettivo \u00e8 realizzare macchine competitive e di alta qualit\u00e0. ALTA QUALITA\u2019 ALTA PRODUZIONE BASSI CONSUMI Costruite con le pi\u00f9 nuove tecnologie le nostre macchine hanno una qualit\u00e0 superiore e sono progettate per aumentare la produttivit\u00e0 diminuendo i consumi, meno sprechi maggiore attenzione&hellip; <br \/> <a class=\"button small blue\" href=\"https:\/\/www.rotoplastic.net\/en\/carousel\/\">Read more<\/a><\/p>","protected":false},"author":2,"featured_media":0,"parent":0,"menu_order":0,"comment_status":"closed","ping_status":"closed","template":"full-width-page.php","meta":{"footnotes":""},"class_list":["post-78","page","type-page","status-publish","hentry"],"_links":{"self":[{"href":"https:\/\/www.rotoplastic.net\/en\/wp-json\/wp\/v2\/pages\/78","targetHints":{"allow":["GET"]}}],"collection":[{"href":"https:\/\/www.rotoplastic.net\/en\/wp-json\/wp\/v2\/pages"}],"about":[{"href":"https:\/\/www.rotoplastic.net\/en\/wp-json\/wp\/v2\/types\/page"}],"author":[{"embeddable":true,"href":"https:\/\/www.rotoplastic.net\/en\/wp-json\/wp\/v2\/users\/2"}],"replies":[{"embeddable":true,"href":"https:\/\/www.rotoplastic.net\/en\/wp-json\/wp\/v2\/comments?post=78"}],"version-history":[{"count":11,"href":"https:\/\/www.rotoplastic.net\/en\/wp-json\/wp\/v2\/pages\/78\/revisions"}],"predecessor-version":[{"id":396,"href":"https:\/\/www.rotoplastic.net\/en\/wp-json\/wp\/v2\/pages\/78\/revisions\/396"}],"wp:attachment":[{"href":"https:\/\/www.rotoplastic.net\/en\/wp-json\/wp\/v2\/media?parent=78"}],"curies":[{"name":"wp","href":"https:\/\/api.w.org\/{rel}","templated":true}]}}