{"id":89,"date":"2024-12-23T14:58:46","date_gmt":"2024-12-23T13:58:46","guid":{"rendered":"https:\/\/service.rotoplastic.it\/www\/?page_id=89"},"modified":"2026-02-05T13:48:12","modified_gmt":"2026-02-05T12:48:12","slug":"rotoplastic","status":"publish","type":"page","link":"https:\/\/www.rotoplastic.net\/en\/rotoplastic\/","title":{"rendered":"ROTOPLASTIC"},"content":{"rendered":"<div id=\"team-3\" class=\"team-small-section white-text-section\" style=\"background-color: #096177; background-image: none;\" data-label=\"Team\" data-id=\"team-small-section\" data-category=\"team\" data-ovid=\"ovid-team-3-256\">\n<div class=\"gridContainer dynamic-color\">\n<div class=\"team-small-textcol\" data-type=\"column\">\n<h2 class=\"\">OUR VALUE<\/h2>\n<p class=\"\">People are our true value, seriousness, ability and commitment is what drives us to give our best.<\/p>\n\n<\/div>\n<div class=\"team-small-memberrow\" data-type=\"row\">\n<div class=\"team-small-membercol cp2cols\"><img decoding=\"async\" class=\"team-small-memberimg-normal\" src=\"https:\/\/www.rotoplastic.net\/wp-content\/uploads\/2024\/12\/dona.png\" alt=\"\" data-size=\"500x500\" \/>\n<h4 class=\"\">Demetrio Don\u00e0<\/h4>\n<p class=\"\">Founder and administrator<\/p>\n\n<div class=\"team-small-iconsrow\" data-type=\"group\"><\/div>\n<\/div>\n<div class=\"team-small-membercol cp2cols\"><img decoding=\"async\" class=\"team-small-memberimg-normal\" src=\"https:\/\/www.rotoplastic.net\/wp-content\/uploads\/2024\/12\/cropped-zattin.png\" alt=\"\" data-size=\"500x500\" \/>\n<h4 class=\"\">Gianni Zattin<\/h4>\n<p class=\"\">Rotational moulding expert<\/p>\n\n<div class=\"team-small-iconsrow\" data-type=\"group\"><\/div>\n<\/div>\n<div class=\"team-small-membercol cp2cols\"><img decoding=\"async\" class=\"team-small-memberimg-normal\" src=\"https:\/\/www.rotoplastic.net\/wp-content\/uploads\/2024\/12\/bonasio.png\" alt=\"\" data-size=\"500x500\" \/>\n<h4 class=\"\">Franco Bonasio<\/h4>\n<p class=\"\">Commercial Director<\/p>\n\n<div class=\"team-small-iconsrow\" data-type=\"group\"><\/div>\n<\/div>\n<div class=\"team-small-membercol cp2cols\"><img decoding=\"async\" class=\"team-small-memberimg-normal\" src=\"https:\/\/www.rotoplastic.net\/wp-content\/uploads\/2024\/12\/cusaro.png\" alt=\"\" data-size=\"500x500\" \/>\n<h4 class=\"\">Andrea Cusaro<\/h4>\n<p class=\"\">Technical office manager<\/p>\n\n<div class=\"team-small-iconsrow\" data-type=\"group\"><\/div>\n<\/div>\n<div class=\"team-small-membercol cp2cols\"><img decoding=\"async\" class=\"team-small-memberimg-normal\" src=\"https:\/\/www.rotoplastic.net\/wp-content\/uploads\/2024\/12\/limido.png\" alt=\"\" data-size=\"500x500\" \/>\n<h4 class=\"\">Luca Limido<\/h4>\n<p class=\"\">Software Development<\/p>\n\n<div class=\"team-small-iconsrow\" data-type=\"group\"><\/div>\n<\/div>\n<div class=\"team-small-membercol cp2cols\"><img decoding=\"async\" class=\"team-small-memberimg-normal\" src=\"https:\/\/www.rotoplastic.net\/wp-content\/uploads\/2024\/12\/caccia.png\" alt=\"\" data-size=\"500x500\" \/>\n<h4 class=\"\">Laura Caccia<\/h4>\n<p class=\"\">After-sales support<\/p>\n\n<div class=\"team-small-iconsrow\" data-type=\"group\"><\/div>\n<\/div>\n<div class=\"team-small-membercol cp2cols\"><img decoding=\"async\" class=\"team-small-memberimg-normal\" src=\"https:\/\/www.rotoplastic.net\/wp-content\/uploads\/2024\/12\/gioachin.png\" alt=\"\" data-size=\"500x500\" \/>\n<h4 class=\"\">Nello Gioachin<\/h4>\n<p class=\"\">Senior draughtsman<\/p>\n\n<div class=\"team-small-iconsrow\" data-type=\"group\"><\/div>\n<\/div>\n<div class=\"team-small-membercol cp2cols\"><img decoding=\"async\" class=\"team-small-memberimg-normal\" src=\"https:\/\/www.rotoplastic.net\/wp-content\/uploads\/2024\/12\/fagone.png\" alt=\"\" data-size=\"500x500\" \/>\n<h4 class=\"\">Corrado Fagone<\/h4>\n<p class=\"\">Automation and Mechatronics<\/p>\n\n<div class=\"team-small-iconsrow\" data-type=\"group\"><\/div>\n<\/div>\n<div class=\"team-small-membercol cp2cols\"><img decoding=\"async\" class=\"team-small-memberimg-normal\" src=\"https:\/\/www.rotoplastic.net\/wp-content\/uploads\/2024\/12\/dampbrosca.png\" alt=\"\" data-size=\"500x500\" \/>\n<h4 class=\"\">Paolo D'ambrosca<\/h4>\n<p class=\"\">Production manager<\/p>\n\n<div class=\"team-small-iconsrow\" data-type=\"group\"><\/div>\n<\/div>\n<div class=\"team-small-membercol cp2cols\"><img decoding=\"async\" class=\"team-small-memberimg-normal\" src=\"https:\/\/www.rotoplastic.net\/wp-content\/uploads\/2024\/12\/bottarini.png\" alt=\"\" data-size=\"500x500\" \/>\n<h4 class=\"\">Daniela Bottarini<\/h4>\n<p class=\"\">Purchasing manager<\/p>\n\n<div class=\"team-small-iconsrow\" data-type=\"group\"><\/div>\n<\/div>\n<div class=\"team-small-membercol cp2cols\"><img decoding=\"async\" class=\"team-small-memberimg-normal\" src=\"https:\/\/www.rotoplastic.net\/wp-content\/uploads\/2024\/12\/cropped-cropped-R-Rotoplastic-Dark-2.png\" alt=\"\" data-size=\"500x500\" \/>\n<h4 class=\"\">Carlo Rogora<\/h4>\n<p class=\"\">Warehouse management<\/p>\n\n<div class=\"team-small-iconsrow\" data-type=\"group\"><\/div>\n<\/div>\n<\/div>\n<\/div>\n<\/div>\n<div id=\"about-5\" class=\"about-text-icons-section white-text-section\" style=\"background-color: #096177; background-image: none;\" data-label=\"About\" data-id=\"about-text-icons-section\" data-category=\"about\" data-ovid=\"ovid-about-5-167\">\n<div class=\"gridContainer\">\n<div class=\"about-text-icons-innerrow dynamic-color\">\n<div class=\"about-text-icons-textcol\" data-type=\"column\">\n<h5 class=\"\">WHO WE ARE<\/h5>\n<p class=\"\">We were born with the idea of redesigning and renewing rotational moulding machines by observing existing systems, analysing their functionality and designing the improvements and refinements that characterise Rotoplastic's solutions today.<\/p>\n<p class=\"\">Our mission is to move the production of rotational moulding machines from the mechanical market to the development of complex systems, in which electronics, software and engineering dialogue to optimise production processes, simplify the use of systems and enable increasingly effective remote assistance.<\/p>\n<p class=\"\">An aspect of dual value for the company using Rotoplastic rotational moulding machines: social and economic.<\/p>\n\n<\/div>\n<div class=\"about-text-icons-cols flexbox-list\">\n<div class=\"about-text-icons-iconcol\"><i class=\"font-icon-21 fa fa-connectdevelop color5\" data-cp-fa=\"true\"><\/i>\n<h4>INDUSTRY 4.0<\/h4>\n<p class=\"\">Optimising production processes to make it easy to use, operate and maintain machinery, reducing costs and time.<\/p>\n<a class=\"\" href=\"https:\/\/www.rotoplastic.net\/en\/rotoplastic\/industry-4-0\/\" target=\"_self\"><i class=\"font-icon-20 fa fa-angle-double-right color5\" data-cp-fa=\"true\"><\/i>\u00a0learn more<\/a>\n\n<\/div>\n<div class=\"about-text-icons-iconcol\"><i class=\"font-icon-21 fa fa-envira color5\" data-cp-fa=\"true\"><\/i>\n<h4>ENERGY AND CONSUMPTION<\/h4>\n<p class=\"\">Reducing energy consumption, exploiting new technologies and new processing systems to reduce operating costs, cut polluting emissions and thus, reduce environmental impact.<\/p>\n<a href=\"#\" target=\"_self\" data-reiki-hidden=\"true\"><i class=\"font-icon-20 fa fa-angle-double-right color5\" data-cp-fa=\"true\"><\/i>\u00a0learn more<\/a>\n\n<\/div>\n<div class=\"about-text-icons-iconcol\"><i class=\"font-icon-21 fa fa-handshake-o color5\" data-cp-fa=\"true\"><\/i>\n<h4>NON-SUPPLIER PARTNERS<\/h4>\n<p class=\"\">Rotoplastic does not want to be a mere supplier, but a true partner in the development and implementation of its customers' plants. Only in this way is it possible to give the maximum and create solutions that achieve the objectives of maximum efficiency and productivity at controlled costs.<\/p>\n<a href=\"#\" target=\"_self\" data-reiki-hidden=\"true\"><i class=\"font-icon-20 fa fa-angle-double-right color5\" data-cp-fa=\"true\"><\/i>\u00a0learn more<\/a>\n\n<\/div>\n<div class=\"about-text-icons-iconcol\"><i class=\"font-icon-21 fa fa-balance-scale color5\" data-cp-fa=\"true\"><\/i>\n<h4>PROFIT FOR THE CUSTOMER<\/h4>\n<p class=\"\">In redesigning the machines, we aimed to make them in such a way that they provide some key benefits to our customers.<\/p>\n<p class=\"\">Increasing plant profitability<\/p>\n<a href=\"#\" target=\"_self\" data-reiki-hidden=\"true\"><i class=\"font-icon-20 fa fa-angle-double-right color5\" data-cp-fa=\"true\"><\/i>\u00a0learn more<\/a>\n\n<\/div>\n<\/div>\n<\/div>\n<\/div>\n<\/div>","protected":false},"excerpt":{"rendered":"<p>IL NOSTRO VALORE Le persone sono il nostro vero valore, seriet\u00e0 capacit\u00e0 e tanto impegno \u00e8 ci\u00f2 che ci spinge a dare il meglio Demetrio Don\u00e0 Fondatore ed amministratore Gianni Zattin Esperto di stampaggio rotazionale Franco Bonasio Direttore commerciale Andrea Cusaro Responsabile ufficio tecnico Luca Limido Sviluppo software Laura Caccia Supporto post vendita Nello Gioachin&hellip; <br \/> <a class=\"button small blue\" href=\"https:\/\/www.rotoplastic.net\/en\/rotoplastic\/\">Read more<\/a><\/p>","protected":false},"author":2,"featured_media":0,"parent":0,"menu_order":0,"comment_status":"closed","ping_status":"closed","template":"full-width-page.php","meta":{"footnotes":""},"class_list":["post-89","page","type-page","status-publish","hentry"],"_links":{"self":[{"href":"https:\/\/www.rotoplastic.net\/en\/wp-json\/wp\/v2\/pages\/89","targetHints":{"allow":["GET"]}}],"collection":[{"href":"https:\/\/www.rotoplastic.net\/en\/wp-json\/wp\/v2\/pages"}],"about":[{"href":"https:\/\/www.rotoplastic.net\/en\/wp-json\/wp\/v2\/types\/page"}],"author":[{"embeddable":true,"href":"https:\/\/www.rotoplastic.net\/en\/wp-json\/wp\/v2\/users\/2"}],"replies":[{"embeddable":true,"href":"https:\/\/www.rotoplastic.net\/en\/wp-json\/wp\/v2\/comments?post=89"}],"version-history":[{"count":14,"href":"https:\/\/www.rotoplastic.net\/en\/wp-json\/wp\/v2\/pages\/89\/revisions"}],"predecessor-version":[{"id":398,"href":"https:\/\/www.rotoplastic.net\/en\/wp-json\/wp\/v2\/pages\/89\/revisions\/398"}],"wp:attachment":[{"href":"https:\/\/www.rotoplastic.net\/en\/wp-json\/wp\/v2\/media?parent=89"}],"curies":[{"name":"wp","href":"https:\/\/api.w.org\/{rel}","templated":true}]}}