{"id":9,"date":"2024-12-23T13:00:30","date_gmt":"2024-12-23T12:00:30","guid":{"rendered":"https:\/\/service.rotoplastic.it\/www\/?page_id=9"},"modified":"2026-02-10T12:39:50","modified_gmt":"2026-02-10T11:39:50","slug":"one-page-express","status":"publish","type":"page","link":"https:\/\/www.rotoplastic.net\/en\/","title":{"rendered":"Front Page"},"content":{"rendered":"<div  id=\"prodotti-standard\" class=\"features-square-image-section white-text-section\" style=\"background-color: #096177; background-image: none;\" data-label=\"PRODOTTI STANDARD\" data-id=\"features-square-image-section\" data-category=\"features\" data-ovid=\"ovid-features-7-9559\">\n<div  class=\"gridContainer dynamic-color\">\n<div  class=\"features-square-image-textrow\">\n<div  class=\"features-square-image-textcol\" data-type=\"column\">\n<h2  class=\"\">OUR MACHINERY<\/h2>\n<p  class=\"\">We manufacture rotation moulding machines with passion and reliability because our business is your business<\/p>\n\n<\/div>\n<\/div>\n<div  class=\"features-square-image-innerrow\" data-type=\"row\">\n<div  class=\"features-square-image-featcol cp4cols cp6cols-tablet\"><img  decoding=\"async\" class=\"features-square-image-featimg\" src=\"https:\/\/www.rotoplastic.net\/wp-content\/uploads\/2024\/12\/RC.png\" alt=\"\">\n<h4  class=\"\">RC SERIES CAROUSEL MACHINES<\/h4>\n<p  class=\"\">TEMPERATURA FORNO FINO A 400\u00b0C\n\n6 STAZIONI\n\nMODULO ELETTRICO PER FUNZIONAMENTO CON DOPPIA ALIMENTAZIONE,\n\nBASSE EMISSIONI E CONSUMI\n\nSISTEMA DI RISCALDAMENTO BREVETTATO\n\nIDEALE PER PRODUZIONE AUTOMOTIVE\n\nOEM LEVEL<\/p>\n<a  class=\"\" href=\"https:\/\/www.rotoplastic.net\/en\/rc-series\/\" target=\"_self\"><i  class=\"font-icon-22 fa fa-arrow-circle-right color5\" data-cp-fa=\"true\"><\/i>&nbsp;learn more<\/a>\n\n<\/div>\n<div  class=\"features-square-image-featcol cp4cols cp6cols-tablet\"><img  decoding=\"async\" class=\"features-square-image-featimg\" src=\"https:\/\/www.rotoplastic.net\/wp-content\/uploads\/2024\/12\/RCE.png\" alt=\"\">\n<h4  class=\"\">RCE SERIES CAROUSEL MACHINES<\/h4>\n<p  class=\"\">TEMPERATURA FORNO FINO A 400\u00b0C\n\n5 STAZIONI\n\nBASSE EMISSIONI E CONSUMI\n\nSISTEMA DI RISCALDAMENTO TRADIZIONALE\n\nMACCHINA PER PRODUZIONI STANDARD<\/p>\n<a  class=\"\" href=\"https:\/\/www.rotoplastic.net\/en\/rce-series\/\" target=\"_self\"><i  class=\"font-icon-22 fa fa-arrow-circle-right color5\" data-cp-fa=\"true\"><\/i>&nbsp;learn more<\/a>\n\n<\/div>\n<div  class=\"features-square-image-featcol cp4cols cp6cols-tablet\"><img  decoding=\"async\" class=\"features-square-image-featimg\" src=\"https:\/\/www.rotoplastic.net\/wp-content\/uploads\/2024\/12\/RS.png\" alt=\"\">\n<h4  class=\"\">RS SERIES SHUTTLE MACHINES<\/h4>\n<p  class=\"\">TEMPERATURA FORNO FINO A 400\u00b0C\n\n1-2 STAZIONI MODULO ELETTRICO PER FUNZIONAMENTO CON DOPPIA ALIMENTAZIONE,&nbsp; BASSE EMISSIONI E CONSUMI\n\nSISTEMA DI RISCALDAMENTO BREVETTATO\n\nIDEALE PER PRODUZIONE AUTOMOTIVE\n\nOEM LEVEL<\/p>\n<a  class=\"\" href=\"https:\/\/www.rotoplastic.net\/en\/shuttle\/\" target=\"_self\"><i  class=\"font-icon-22 fa fa-arrow-circle-right color5\" data-cp-fa=\"true\"><\/i>&nbsp;learn more<\/a>\n\n<\/div>\n<div  class=\"features-square-image-featcol cp4cols cp6cols-tablet\"><img  decoding=\"async\" class=\"features-square-image-featimg\" src=\"https:\/\/www.rotoplastic.net\/wp-content\/uploads\/2024\/12\/MLP.png\" alt=\"\">\n<h4  class=\"\">COLD MIXER<\/h4>\n<p  class=\"\">Mixer for cold powder pigmentation suitable for immediate production, sizes from 150 to 800lt, temperature control system and speed control via inverter.<\/p>\n<a  class=\"\" href=\"https:\/\/www.rotoplastic.net\/en\/mixer\/\" target=\"_self\"><i  class=\"font-icon-22 fa fa-arrow-circle-right color5\" data-cp-fa=\"true\"><\/i>&nbsp;learn more<\/a>\n\n<\/div>\n<div  class=\"features-square-image-featcol cp4cols cp6cols-tablet\"><img  decoding=\"async\" class=\"features-square-image-featimg\" src=\"https:\/\/www.rotoplastic.net\/wp-content\/uploads\/2024\/12\/piattaforma.png\" alt=\"\">\n<h4  class=\"\">SERVICE PLATFORMS<\/h4>\n<p  class=\"\">Mobile platforms, with 4-axis mobility fully controlled by the machine software. Hoisting hoists.<\/p>\n<a  class=\"\" href=\"#\" target=\"_self\"><i  class=\"font-icon-22 fa fa-arrow-circle-right color5\" data-cp-fa=\"true\"><\/i>&nbsp;learn more<\/a>\n\n<\/div>\n<div  class=\"features-square-image-featcol cp4cols cp6cols-tablet\"><img  decoding=\"async\" class=\"features-square-image-featimg\" src=\"https:\/\/www.rotoplastic.net\/wp-content\/uploads\/2024\/12\/CARICO.png\" alt=\"\">\n<h4  class=\"\">AUTOMATIC DUST LOADING SYSTEMS<\/h4>\n<p  class=\"\">Powder dosing and transport system, each colour is directly controlled and managed by the machine via a simple operator interface<\/p>\n<a  class=\"\" href=\"https:\/\/www.rotoplastic.net\/en\/loading-systems\/\" target=\"_blank\" rel=\"noopener\"><i  class=\"font-icon-22 fa fa-arrow-circle-right color5\" data-cp-fa=\"true\"><\/i>&nbsp;learn more<\/a>\n\n<\/div>\n<\/div>\n<\/div>\n<\/div><div  id=\"beex-energy\" class=\"content-left-video-section content-video-left white-text-section\" style=\"background-color: #096177; background-image: none;\" data-label=\"BEex Energy\" data-id=\"content-video-left\" data-category=\"content\" data-ovid=\"ovid-content-1-336\">\n<div  class=\"gridContainer dynamic-color\">\n<div  class=\"content-left-video-innerrow\">\n<div  class=\"content-left-video-imgcol\" style=\"background-image: url('https:\/\/www.rotoplastic.net\/wp-content\/uploads\/2024\/12\/RS.png');\" data-bg=\"image\" data-type=\"group\"><\/div>\n<div  class=\"content-left-video-textcol\" data-type=\"column\">\n<h2  class=\"\">The first B-Energy Exchanger BEEx machine for rotational moulding<\/h2>\n<p  class=\"\">E\u2019 arrivato il momento di cambiare, Rotoplastic grazie alla forza tecnica ed innovativa che ci contraddistingue presenta al mondo la prima macchina per stampaggio rotazionale con scambiatore ad alta efficienza b-energy BE Power!\n\nContattateci per maggiori informazioni!<\/p>\n\n<\/div>\n<\/div>\n<\/div>\n<\/div>","protected":false},"excerpt":{"rendered":"<p>I NOSTRI MACCHINARI Produciamo macchine per stampaggio rotazione con passione e seriet\u00e0 perch\u00e8 il nostro lavoro \u00e8 il vostro businness MACCHINE CAROSELLO SERIE RC TEMPERATURA FORNO FINO A 400\u00b0C 6 STAZIONI MODULO ELETTRICO PER FUNZIONAMENTO CON DOPPIA ALIMENTAZIONE, BASSE EMISSIONI E CONSUMI SISTEMA DI RISCALDAMENTO BREVETTATO IDEALE PER PRODUZIONE AUTOMOTIVE OEM LEVEL &nbsp;learn more MACCHINE&hellip; <br \/> <a class=\"button small blue\" href=\"https:\/\/www.rotoplastic.net\/en\/\">Read more<\/a><\/p>","protected":false},"author":2,"featured_media":0,"parent":0,"menu_order":0,"comment_status":"closed","ping_status":"closed","template":"","meta":{"footnotes":""},"class_list":["post-9","page","type-page","status-publish","hentry"],"_links":{"self":[{"href":"https:\/\/www.rotoplastic.net\/en\/wp-json\/wp\/v2\/pages\/9","targetHints":{"allow":["GET"]}}],"collection":[{"href":"https:\/\/www.rotoplastic.net\/en\/wp-json\/wp\/v2\/pages"}],"about":[{"href":"https:\/\/www.rotoplastic.net\/en\/wp-json\/wp\/v2\/types\/page"}],"author":[{"embeddable":true,"href":"https:\/\/www.rotoplastic.net\/en\/wp-json\/wp\/v2\/users\/2"}],"replies":[{"embeddable":true,"href":"https:\/\/www.rotoplastic.net\/en\/wp-json\/wp\/v2\/comments?post=9"}],"version-history":[{"count":28,"href":"https:\/\/www.rotoplastic.net\/en\/wp-json\/wp\/v2\/pages\/9\/revisions"}],"predecessor-version":[{"id":409,"href":"https:\/\/www.rotoplastic.net\/en\/wp-json\/wp\/v2\/pages\/9\/revisions\/409"}],"wp:attachment":[{"href":"https:\/\/www.rotoplastic.net\/en\/wp-json\/wp\/v2\/media?parent=9"}],"curies":[{"name":"wp","href":"https:\/\/api.w.org\/{rel}","templated":true}]}}