{"id":274,"date":"2024-12-24T12:15:22","date_gmt":"2024-12-24T11:15:22","guid":{"rendered":"https:\/\/service.rotoplastic.it\/www\/?page_id=274"},"modified":"2026-02-05T13:46:30","modified_gmt":"2026-02-05T12:46:30","slug":"accesorios","status":"publish","type":"page","link":"https:\/\/www.rotoplastic.net\/es\/accesorios\/","title":{"rendered":"ACCESORIOS"},"content":{"rendered":"<div id=\"about-5\" class=\"about-text-icons-section white-text-section\" style=\"background-color: #096177; background-image: none;\" data-label=\"About\" data-id=\"about-text-icons-section\" data-category=\"about\" data-ovid=\"ovid-about-5-134\">\n<div class=\"gridContainer\">\n<div class=\"about-text-icons-innerrow dynamic-color\">\n<div class=\"about-text-icons-textcol\" data-type=\"column\">\n<h5 class=\"\">ACCESORIOS PARA NUESTRAS INSTALACIONES<\/h5>\n<h3 class=\"\">UNA SOLUCI\u00d3N INTEGRADA UN ECOSISTEMA ROTOPL\u00c1STICO<\/h3>\n<p class=\"\">Toda m\u00e1quina necesita accesorios para su uso diario, Rotoplastic tiene su propio ecosistema de productos al servicio de la m\u00e1quina y para hacer m\u00e1s productivo el ciclo de trabajo, la perfecta integraci\u00f3n tanto de funciones como de seguridad le permite obtener siempre el m\u00e1ximo<\/p>\n\n<\/div>\n<div class=\"about-text-icons-cols flexbox-list\">\n<div class=\"about-text-icons-iconcol\"><i class=\"font-icon-21 fa fa-chrome color5\" data-cp-fa=\"true\"><\/i>\n<h4>MEZCLADOR<\/h4>\n<p class=\"\">Mezclas especializadas para rotomoldeo, productos concebidos para ser utilizados por el rotomoldeador.<\/p>\n<a href=\"https:\/\/www.rotoplastic.net\/es\/mezcladora\/\" target=\"_self\"><i class=\"font-icon-20 fa fa-angle-double-right color5\" data-cp-fa=\"true\"><\/i>\u00a0saber m\u00e1s<\/a>\n\n<\/div>\n<div class=\"about-text-icons-iconcol\"><i class=\"font-icon-21 fa fa-outdent color5\" data-cp-fa=\"true\"><\/i>\n<h4>REWAMPING<\/h4>\n<p class=\"\">Restauraci\u00f3n de m\u00e1quinas existentes con nuestro sistema de control.<\/p>\n<a href=\"#\" target=\"_self\"><i class=\"font-icon-20 fa fa-angle-double-right color5\" data-cp-fa=\"true\"><\/i>\u00a0saber m\u00e1s<\/a>\n\n<\/div>\n<div class=\"about-text-icons-iconcol\"><i class=\"font-icon-21 fa fa-industry color5\" data-cp-fa=\"true\"><\/i>\n<h4>SISTEMAS DE CARGA DE POLVO<\/h4>\n<p class=\"\">Sistemas de dosificaci\u00f3n y carga desarrollados para la industria del rotomoldeo, totalmente integrados en el control y mando, o como producto independiente.<\/p>\n<a href=\"https:\/\/www.rotoplastic.net\/es\/sistemas-de-carga\/\" target=\"_self\"><i class=\"font-icon-20 fa fa-angle-double-right color5\" data-cp-fa=\"true\"><\/i>\u00a0saber m\u00e1s<\/a>\n\n<\/div>\n<div class=\"about-text-icons-iconcol\"><i class=\"font-icon-21 fa fa-dashboard color5\" data-cp-fa=\"true\"><\/i>\n<h4>SOFTWARE A MEDIDA<\/h4>\n<p class=\"\">Creaci\u00f3n de programas inform\u00e1ticos a medida para la gesti\u00f3n y el control de la producci\u00f3n.<\/p>\n<a href=\"#\"><i class=\"font-icon-20 fa fa-angle-double-right\" data-cp-fa=\"true\"><\/i>\u00a0saber m\u00e1s<\/a>\n\n<\/div>\n<\/div>\n<\/div>\n<\/div>\n<\/div>","protected":false},"excerpt":{"rendered":"<p>ACCESORIOS PARA NUESTRAS M\u00c1QUINAS UNA SOLUCI\u00d3N INTEGRADA UN ECOSISTEMA ROTOPL\u00c1STICO Toda m\u00e1quina necesita accesorios para su uso diario, Rotoplastic tiene su propio ecosistema de productos al servicio de la m\u00e1quina y para hacer m\u00e1s productivo el ciclo de trabajo, la perfecta integraci\u00f3n tanto de funciones como de seguridad le permite obtener siempre el m\u00e1ximo rendimiento de su... <br \/> <a class=\"button small blue\" href=\"https:\/\/www.rotoplastic.net\/es\/accesorios\/\">Leer m\u00e1s<\/a><\/p>","protected":false},"author":2,"featured_media":0,"parent":0,"menu_order":0,"comment_status":"closed","ping_status":"closed","template":"full-width-page.php","meta":{"footnotes":""},"class_list":["post-274","page","type-page","status-publish","hentry"],"_links":{"self":[{"href":"https:\/\/www.rotoplastic.net\/es\/wp-json\/wp\/v2\/pages\/274","targetHints":{"allow":["GET"]}}],"collection":[{"href":"https:\/\/www.rotoplastic.net\/es\/wp-json\/wp\/v2\/pages"}],"about":[{"href":"https:\/\/www.rotoplastic.net\/es\/wp-json\/wp\/v2\/types\/page"}],"author":[{"embeddable":true,"href":"https:\/\/www.rotoplastic.net\/es\/wp-json\/wp\/v2\/users\/2"}],"replies":[{"embeddable":true,"href":"https:\/\/www.rotoplastic.net\/es\/wp-json\/wp\/v2\/comments?post=274"}],"version-history":[{"count":5,"href":"https:\/\/www.rotoplastic.net\/es\/wp-json\/wp\/v2\/pages\/274\/revisions"}],"predecessor-version":[{"id":397,"href":"https:\/\/www.rotoplastic.net\/es\/wp-json\/wp\/v2\/pages\/274\/revisions\/397"}],"wp:attachment":[{"href":"https:\/\/www.rotoplastic.net\/es\/wp-json\/wp\/v2\/media?parent=274"}],"curies":[{"name":"wp","href":"https:\/\/api.w.org\/{rel}","templated":true}]}}