{"id":280,"date":"2024-12-24T12:18:24","date_gmt":"2024-12-24T11:18:24","guid":{"rendered":"https:\/\/service.rotoplastic.it\/www\/?page_id=280"},"modified":"2024-12-27T15:11:58","modified_gmt":"2024-12-27T14:11:58","slug":"rewamping","status":"publish","type":"page","link":"https:\/\/www.rotoplastic.net\/es\/rewamping\/","title":{"rendered":"REWAMPING"},"content":{"rendered":"<div  data-label=\"Features\" data-id=\"features-small-icon-cards-section\" data-category=\"features\" class=\"features-small-icon-cards-section white-text-section\" id=\"features-5\" style=\"background-color: rgb(9, 97, 119); background-image: none;\" data-ovid=\"ovid-features-5-160\"> <div  class=\"gridContainer\"> <div  class=\"features-small-icon-cards-textrow\"> <div  class=\"features-small-icon-cards-textcol dynamic-color\" data-type=\"column\"> <h2  class=\"\">Una plataforma para todo<\/h2> <p  class=\"\">Gracias a nuestro software adaptable podemos controlar m\u00e1quinas de todas las marcas y tipos, una \u00fanica plataforma para la gesti\u00f3n de m\u00e1quinas, la recopilaci\u00f3n de datos y la conexi\u00f3n con el sistema de producci\u00f3n de la empresa.<\/p> <\/div> <\/div> <div  class=\"features-small-icon-cards-featuresrow dark-text\" data-type=\"row\"> <div  class=\"features-small-icon-cards-featcol\"> <div  class=\"features-small-icon-cards-featinnerrow\"> <div  class=\"features-small-icon-cards-iconcol\"> <i  data-cp-fa=\"true\" class=\"font-icon-23 fa fa-dashboard color4\"><\/i> <\/div> <div  class=\"features-small-icon-cards-feattextcol\" data-type=\"column\"> <h4  class=\"\">SOFTWARE<\/h4> <p  class=\"\">Software adaptable para integrarse con todo tipo de m\u00e1quinas y gestionar todas las fases de producci\u00f3n, un dise\u00f1o b\u00e1sico para evitar depender de la personalizaci\u00f3n.<\/p> <img decoding=\"async\"  class=\"custom-image\" src=\"https:\/\/www.rotoplastic.net\/wp-content\/uploads\/2024\/12\/sie1.png\" alt=\"\"><\/div> <\/div> <\/div> <div  class=\"features-small-icon-cards-featcol\"> <div  class=\"features-small-icon-cards-featinnerrow\"> <div  class=\"features-small-icon-cards-iconcol\"> <i  data-cp-fa=\"true\" class=\"font-icon-23 fa fa-codepen color4\"><\/i> <\/div> <div  class=\"features-small-icon-cards-feattextcol\" data-type=\"column\"> <h4  class=\"\">HARDWARE<\/h4> <p  class=\"\">Hardware y accionamientos SIEMENS de todas las marcas, gracias al protocolo PROFINET todos los componentes son reutilizables e intercambiables<\/p> <img decoding=\"async\"  class=\"custom-image\" src=\"https:\/\/www.rotoplastic.net\/wp-content\/uploads\/2024\/12\/drive1.jpg\" alt=\"\"><\/div> <\/div> <\/div>  <div  class=\"features-small-icon-cards-featcol\"> <div  class=\"features-small-icon-cards-featinnerrow\"> <div  class=\"features-small-icon-cards-iconcol\"> <i  data-cp-fa=\"true\" class=\"font-icon-23 fa fa-connectdevelop color4\"><\/i> <\/div> <div  class=\"features-small-icon-cards-feattextcol\" data-type=\"column\"> <h4  class=\"\">INTEGRACI\u00d3N DE DATOS<\/h4> <p  class=\"\">La recopilaci\u00f3n unificada de datos permite controlar todas las m\u00e1quinas con un solo cuadro de mandos, independientemente de la marca y el hardware utilizados.<\/p> <img decoding=\"async\"  class=\"custom-image\" src=\"https:\/\/www.rotoplastic.net\/wp-content\/uploads\/2024\/12\/dash1.jpg\" alt=\"\"><\/div> <\/div> <\/div> <div  class=\"features-small-icon-cards-featcol\"> <div  class=\"features-small-icon-cards-featinnerrow\"> <div  class=\"features-small-icon-cards-iconcol\"> <i  data-cp-fa=\"true\" class=\"font-icon-23 fa fa-comments-o color4\"><\/i> <\/div> <div  class=\"features-small-icon-cards-feattextcol\" data-type=\"column\"> <h4  class=\"\">ASISTENCIA<\/h4> <p  class=\"\">Toda la asistencia que necesite con s\u00f3lo pulsar un bot\u00f3n, gracias a la plataforma de servicios puede conectarse a distancia y realizar evaluaciones preliminares para una asistencia r\u00e1pida.<\/p> <img decoding=\"async\"  class=\"custom-image\" src=\"https:\/\/www.rotoplastic.net\/wp-content\/uploads\/2024\/12\/support1.jpg\" alt=\"\"><\/div> <\/div> <\/div>  <\/div> <\/div><\/div>","protected":false},"excerpt":{"rendered":"<p>Una plataforma para todo Gracias a nuestro software adaptable podemos controlar m\u00e1quinas de todas las marcas y tipos, una \u00fanica plataforma para la gesti\u00f3n de m\u00e1quinas, la recopilaci\u00f3n de datos y la conexi\u00f3n con el sistema de producci\u00f3n de la empresa SOFTWARE Software adaptable para integrarse con todos los tipos de m\u00e1quinas y gestionar todas las fases de producci\u00f3n, un n\u00facleo... <br \/> <a class=\"button small blue\" href=\"https:\/\/www.rotoplastic.net\/es\/rewamping\/\">Leer m\u00e1s<\/a><\/p>","protected":false},"author":2,"featured_media":0,"parent":0,"menu_order":0,"comment_status":"closed","ping_status":"closed","template":"full-width-page.php","meta":{"footnotes":""},"class_list":["post-280","page","type-page","status-publish","hentry"],"_links":{"self":[{"href":"https:\/\/www.rotoplastic.net\/es\/wp-json\/wp\/v2\/pages\/280","targetHints":{"allow":["GET"]}}],"collection":[{"href":"https:\/\/www.rotoplastic.net\/es\/wp-json\/wp\/v2\/pages"}],"about":[{"href":"https:\/\/www.rotoplastic.net\/es\/wp-json\/wp\/v2\/types\/page"}],"author":[{"embeddable":true,"href":"https:\/\/www.rotoplastic.net\/es\/wp-json\/wp\/v2\/users\/2"}],"replies":[{"embeddable":true,"href":"https:\/\/www.rotoplastic.net\/es\/wp-json\/wp\/v2\/comments?post=280"}],"version-history":[{"count":4,"href":"https:\/\/www.rotoplastic.net\/es\/wp-json\/wp\/v2\/pages\/280\/revisions"}],"predecessor-version":[{"id":330,"href":"https:\/\/www.rotoplastic.net\/es\/wp-json\/wp\/v2\/pages\/280\/revisions\/330"}],"wp:attachment":[{"href":"https:\/\/www.rotoplastic.net\/es\/wp-json\/wp\/v2\/media?parent=280"}],"curies":[{"name":"wp","href":"https:\/\/api.w.org\/{rel}","templated":true}]}}