{"id":281,"date":"2024-12-24T12:18:24","date_gmt":"2024-12-24T11:18:24","guid":{"rendered":"https:\/\/service.rotoplastic.it\/www\/?page_id=281"},"modified":"2026-02-04T16:30:44","modified_gmt":"2026-02-04T15:30:44","slug":"sistemas-de-carga","status":"publish","type":"page","link":"https:\/\/www.rotoplastic.net\/es\/sistemas-de-carga\/","title":{"rendered":"SISTEMAS DE CARGA"},"content":{"rendered":"<div id=\"about-5\" class=\"about-text-icons-section white-text-section\" style=\"background-color: #096177; background-image: none;\" data-label=\"About\" data-id=\"about-text-icons-section\" data-category=\"about\" data-ovid=\"ovid-about-5-135\">\n<div class=\"gridContainer\">\n<div class=\"about-text-icons-innerrow dynamic-color\">\n<div class=\"about-text-icons-textcol\" data-type=\"column\">\n<h5 class=\"\">TRANSPORTE, DOSIFICACI\u00d3N Y CARGA<\/h5>\n<h3 class=\"\">Productos de moldeo rotacional<\/h3>\n<p class=\"\">Sistemas de dosificaci\u00f3n y carga desarrollados para la industria del rotomoldeo, el sistema puede suministrarse como accesorio de nuestras m\u00e1quinas, totalmente integrado en el control y mando, o como producto independiente.<\/p>\n\n<\/div>\n<div class=\"about-text-icons-cols flexbox-list\">\n<div class=\"about-text-icons-iconcol\"><i class=\"font-icon-21 fa fa-balance-scale color5\" data-cp-fa=\"true\"><\/i>\n<h4>CALIDAD DE PESAJE<\/h4>\n<p class=\"\">Gracias a d\u00e9cadas de experiencia en el manejo de c\u00e9lulas de carga y con la ayuda de la tecnolog\u00eda m\u00e1s avanzada, nos encontramos entre los m\u00e1s precisos y consistentes en la dosificaci\u00f3n de polvo.<\/p>\n<a href=\"#\" target=\"_self\" data-reiki-hidden=\"true\"><i class=\"font-icon-20 fa fa-angle-double-right color6\" data-cp-fa=\"true\"><\/i>\u00a0saber m\u00e1s<\/a>\n\n<\/div>\n<div class=\"about-text-icons-iconcol\"><i class=\"font-icon-21 fa fa-exchange color5\" data-cp-fa=\"true\"><\/i>\n<h4>VELOCIDAD DE TRANSPORTE<\/h4>\n<p class=\"\">Gracias a una tecnolog\u00eda pendiente de patente, estamos entre los m\u00e1s r\u00e1pidos en el transporte de polvo.<\/p>\n<a href=\"#\" target=\"_self\" data-reiki-hidden=\"true\"><i class=\"font-icon-20 fa fa-angle-double-right color6\" data-cp-fa=\"true\"><\/i>\u00a0saber m\u00e1s<\/a>\n\n<\/div>\n<div class=\"about-text-icons-iconcol\"><i class=\"font-icon-21 fa fa-connectdevelop color5\" data-cp-fa=\"true\"><\/i>\n<h4>INTEGRACI\u00d3N<\/h4>\n<p class=\"\">Todos nuestros productos est\u00e1n integrados, cuando el sistema de carga se suministra con nuestra m\u00e1quina, todo se convierte en un ecosistema sin fisuras.<\/p>\n<a href=\"#\" target=\"_self\" data-reiki-hidden=\"true\"><i class=\"font-icon-20 fa fa-angle-double-right color6\" data-cp-fa=\"true\"><\/i>\u00a0saber m\u00e1s<\/a>\n\n<\/div>\n<div class=\"about-text-icons-iconcol\"><i class=\"font-icon-21 fa fa-database color5\" data-cp-fa=\"true\"><\/i>\n<h4>INTEGRACI\u00d3N 4.0<\/h4>\n<p class=\"\">Como todos nuestros productos, los sistemas de carga tambi\u00e9n cumplen la normativa Industria 4.0.<\/p>\n<a href=\"#\" target=\"_self\" data-reiki-hidden=\"true\"><i class=\"font-icon-20 fa fa-angle-double-right color6\" data-cp-fa=\"true\"><\/i>\u00a0saber m\u00e1s<\/a>\n\n<\/div>\n<\/div>\n<\/div>\n<\/div>\n<\/div>\n<div id=\"content-4\" class=\"content-right-image-section content-image-right white-text-section\" style=\"background-color: #096177; background-image: none;\" data-label=\"Content\" data-id=\"content-image-right\" data-category=\"content\" data-ovid=\"ovid-content-4-7329\">\n<div class=\"gridContainer\">\n<div class=\"content-right-image-gridcol\">\n<div class=\"content-right-image-textcol dynamic-color\" data-type=\"column\">\n<h2 class=\"\">Dosificaci\u00f3n gravim\u00e9trica<\/h2>\n<p class=\"large_text\">La dosificaci\u00f3n gravim\u00e9trica es una de las m\u00e1s populares para cargas que requieren un peso superior a 100 kg y, gracias a su flexibilidad y rentabilidad, se pueden incluir m\u00e1s colores en el proceso de producci\u00f3n.<\/p>\n\n<\/div>\n<div class=\"content-right-image-imgcol\" data-type=\"column\"><img decoding=\"async\" class=\"\" src=\"https:\/\/www.rotoplastic.net\/wp-content\/uploads\/2024\/12\/CARICO.png\" alt=\"\" \/><\/div>\n<\/div>\n<\/div>\n<\/div>","protected":false},"excerpt":{"rendered":"<p>TRANSPORTE, DOSIFICACI\u00d3N Y CARGA Productos para la industria del rotomoldeo Sistemas de transporte, dosificaci\u00f3n y carga desarrollados para la industria del rotomoldeo, el sistema puede suministrarse como accesorio de nuestras m\u00e1quinas, totalmente integrado en el control y mando, o como producto independiente. CALIDAD DE PESADA Gracias a d\u00e9cadas de experiencia en la gesti\u00f3n de c\u00e9lulas de carga... <br \/> <a class=\"button small blue\" href=\"https:\/\/www.rotoplastic.net\/es\/sistemas-de-carga\/\">Leer m\u00e1s<\/a><\/p>","protected":false},"author":2,"featured_media":0,"parent":0,"menu_order":0,"comment_status":"closed","ping_status":"closed","template":"full-width-page.php","meta":{"footnotes":""},"class_list":["post-281","page","type-page","status-publish","hentry"],"_links":{"self":[{"href":"https:\/\/www.rotoplastic.net\/es\/wp-json\/wp\/v2\/pages\/281","targetHints":{"allow":["GET"]}}],"collection":[{"href":"https:\/\/www.rotoplastic.net\/es\/wp-json\/wp\/v2\/pages"}],"about":[{"href":"https:\/\/www.rotoplastic.net\/es\/wp-json\/wp\/v2\/types\/page"}],"author":[{"embeddable":true,"href":"https:\/\/www.rotoplastic.net\/es\/wp-json\/wp\/v2\/users\/2"}],"replies":[{"embeddable":true,"href":"https:\/\/www.rotoplastic.net\/es\/wp-json\/wp\/v2\/comments?post=281"}],"version-history":[{"count":3,"href":"https:\/\/www.rotoplastic.net\/es\/wp-json\/wp\/v2\/pages\/281\/revisions"}],"predecessor-version":[{"id":393,"href":"https:\/\/www.rotoplastic.net\/es\/wp-json\/wp\/v2\/pages\/281\/revisions\/393"}],"wp:attachment":[{"href":"https:\/\/www.rotoplastic.net\/es\/wp-json\/wp\/v2\/media?parent=281"}],"curies":[{"name":"wp","href":"https:\/\/api.w.org\/{rel}","templated":true}]}}