{"id":78,"date":"2024-12-23T14:55:08","date_gmt":"2024-12-23T13:55:08","guid":{"rendered":"https:\/\/service.rotoplastic.it\/www\/?page_id=78"},"modified":"2026-02-05T13:44:34","modified_gmt":"2026-02-05T12:44:34","slug":"carrusel","status":"publish","type":"page","link":"https:\/\/www.rotoplastic.net\/es\/carrusel\/","title":{"rendered":"PRODUCTOS"},"content":{"rendered":"<div id=\"about-5\" class=\"about-text-icons-section white-text-section\" style=\"background-color: #096177; background-image: none;\" data-label=\"About\" data-id=\"about-text-icons-section\" data-category=\"about\" data-ovid=\"ovid-about-5-135\">\n<div class=\"gridContainer\">\n<div class=\"about-text-icons-innerrow dynamic-color\">\n<div class=\"about-text-icons-textcol\" data-type=\"column\">\n<h5 class=\"\">EL OBJETIVO DEL ROTOPL\u00c1STICO<\/h5>\n<h3 class=\"\">Desarrollo constante<\/h3>\n<p class=\"\">Rotoplastic contin\u00faa la evoluci\u00f3n de las m\u00e1quinas de rotomoldeo. El objetivo es producir m\u00e1quinas competitivas y de alta calidad.<\/p>\n\n<h5 class=\"\">ALTA CALIDAD ALTA PRODUCCI\u00d3N BAJO CONSUMO<\/h5>\n<p class=\"\">Construidas con la tecnolog\u00eda m\u00e1s avanzada, nuestras m\u00e1quinas tienen una calidad superior y est\u00e1n dise\u00f1adas para aumentar la productividad mediante un menor consumo, menos derroche y m\u00e1s atenci\u00f3n a los costes y al medio ambiente. La estructura est\u00e1 formada por perfiles met\u00e1licos y paneles aislantes de gran eficacia.<\/p>\n\n<h5 class=\"\">MEC\u00c1NICA<\/h5>\n<p class=\"\">Los brazos disponen de pasajes internos para tres aires de alta presi\u00f3n con la opci\u00f3n Mouldmix. Es posible utilizar el tercer paso con aire, un l\u00edquido (por ejemplo, agua) o la mezcla de los dos aire\/l\u00edquido para una refrigeraci\u00f3n interna r\u00e1pida del molde.<\/p>\n<p class=\"\">Normas con un concepto de ensamblaje mec\u00e1nico sin juntas para eliminar las roturas mec\u00e1nicas derivadas de la tensi\u00f3n del material. Los materiales utilizados son todos de origen europeo y est\u00e1n certificados.<\/p>\n\n<\/div>\n<div class=\"about-text-icons-cols flexbox-list\">\n<div class=\"about-text-icons-iconcol\"><i class=\"font-icon-21 fa fa-envira color5\" data-cp-fa=\"true\"><\/i>\n<h4>EFICIENCIA ENERG\u00c9TICA<\/h4>\n<p class=\"\">Reducci\u00f3n eficaz del consumo el\u00e9ctrico: la potencia el\u00e9ctrica instalada en nuestras m\u00e1quinas es 35% inferior a la de las m\u00e1quinas de la misma categor\u00eda actualmente en el mercado, y nuestro consumo el\u00e9ctrico en kw\/h se reduce a 50%.<\/p>\n<a href=\"#\" target=\"_self\" data-reiki-hidden=\"true\"><i class=\"font-icon-20 fa fa-angle-double-right color6\" data-cp-fa=\"true\"><\/i>\u00a0saber m\u00e1s<\/a>\n\n<\/div>\n<div class=\"about-text-icons-iconcol\"><i class=\"font-icon-21 fa fa-snowflake-o color5\" data-cp-fa=\"true\"><\/i>\n<h4>REFRIGERACI\u00d3N<\/h4>\n<p class=\"\">Estaci\u00f3n de refrigeraci\u00f3n, se instalan ventiladores de refrigeraci\u00f3n con una capacidad de 40.000 m3\/h. Gracias a nuestro sistema SUPERMIX, que utiliza simplemente aire comprimido y agua del grifo, podemos reducir significativamente los tiempos de enfriamiento sin p\u00e9rdida de l\u00edquido en el suelo y con un importante ahorro de agua en comparaci\u00f3n con las soluciones existentes actualmente en el mercado.<\/p>\n<a href=\"#\" target=\"_self\" data-reiki-hidden=\"true\"><i class=\"font-icon-20 fa fa-angle-double-right color6\" data-cp-fa=\"true\"><\/i>\u00a0saber m\u00e1s<\/a>\n\n<\/div>\n<div class=\"about-text-icons-iconcol\"><i class=\"font-icon-21 fa fa-flash color5\" data-cp-fa=\"true\"><\/i>\n<h4>EFICACIA DE LA RECIRCULACI\u00d3N DEL AIRE DE PROCESO<\/h4>\n<p class=\"\">Nuestro algoritmo de control de velocidad, vinculado a la presi\u00f3n ambiente y la temperatura del aire, permite que el ventilador de aire de la c\u00e1mara de moldeo consuma menos energ\u00eda. Esto permite utilizar un motorreductor de ejes paralelos para eliminar por completo las p\u00e9rdidas de potencia en el tren de transmisi\u00f3n derivadas de las transmisiones por correa tradicionales. Los inversores de alta eficiencia y los motores IE3 permiten un consumo energ\u00e9tico m\u00ednimo. Nuestro sistema de control permite que la 30% tenga un menor consumo el\u00e9ctrico de la c\u00e1mara de moldeo que los mismos modelos de m\u00e1quinas de la competencia.<\/p>\n<a href=\"#\" target=\"_self\" data-reiki-hidden=\"true\"><i class=\"font-icon-20 fa fa-angle-double-right color6\" data-cp-fa=\"true\"><\/i>\u00a0saber m\u00e1s<\/a>\n\n<\/div>\n<div class=\"about-text-icons-iconcol\"><i class=\"font-icon-21 fa fa-fire color5\" data-cp-fa=\"true\"><\/i>\n<h4>CALEFACCI\u00d3N<\/h4>\n<p class=\"\">El horno, compuesto por paneles de chapa de acero, fibra cer\u00e1mica y fibra de vidrio, permite alcanzar una temperatura interna de 350-370\u00b0C y una temperatura de pared externa de 40\u00b0C. La c\u00e1mara de combusti\u00f3n, a trav\u00e9s del intercambiador de calor abierto, puede alcanzar los 600\u00b0C, creando un acumulador de energ\u00eda.<\/p>\n<p class=\"\">Gracias a la C\u00c1MARA ABIERTA y al posicionamiento horizontal del quemador, se consigue una dispersi\u00f3n de ox\u00edgeno de 4%, frente a los 10% de las m\u00e1quinas convencionales. Adem\u00e1s, el CO es inferior a 25 miligramos por metro c\u00fabico de aire, mientras que el gas Nox es inferior a 40 miligramos por metro c\u00fabico, alcanzando as\u00ed el l\u00edmite m\u00ednimo de emisiones que puede alcanzar esta tecnolog\u00eda y siendo a\u00fan inferior a los 80% de todo el parque de m\u00e1quinas existente.<\/p>\n<a href=\"#\" target=\"_self\" data-reiki-hidden=\"true\"><i class=\"font-icon-20 fa fa-angle-double-right color6\" data-cp-fa=\"true\"><\/i>\u00a0saber m\u00e1s<\/a>\n\n<\/div>\n<\/div>\n<\/div>\n<\/div>\n<\/div>\n<div id=\"features-7\" class=\"features-square-image-section white-text-section\" style=\"background-color: #096177; background-image: none;\" data-label=\"Features\" data-id=\"features-square-image-section\" data-category=\"features\" data-ovid=\"ovid-features-7-127\">\n<div class=\"gridContainer dynamic-color\">\n<div class=\"features-square-image-textrow\">\n<div class=\"features-square-image-textcol\" data-type=\"column\">\n<h2 class=\"\">LA M\u00c1QUINA ADECUADA PARA CADA NECESIDAD<\/h2>\n<\/div>\n<\/div>\n<div class=\"features-square-image-innerrow\" data-type=\"row\">\n<div class=\"features-square-image-featcol cp4cols cp6cols-tablet\"><img decoding=\"async\" class=\"features-square-image-featimg\" src=\"https:\/\/www.rotoplastic.net\/wp-content\/uploads\/2024\/12\/RC.png\" alt=\"\" \/>\n<h4 class=\"\">SERIE RC<\/h4>\n<p class=\"\">El tope de gama para superar los l\u00edmites hasta ahora inalcanzables para los fabricantes de componentes de alta tecnolog\u00eda.<\/p>\n<a class=\"\" href=\"https:\/\/www.rotoplastic.net\/es\/?page_id=190\" target=\"_self\"><i class=\"font-icon-22 fa fa-arrow-circle-right color5\" data-cp-fa=\"true\"><\/i>\u00a0saber m\u00e1s<\/a>\n\n<\/div>\n<div class=\"features-square-image-featcol cp4cols cp6cols-tablet\"><img decoding=\"async\" class=\"features-square-image-featimg\" src=\"https:\/\/www.rotoplastic.net\/wp-content\/uploads\/2024\/12\/RCE.png\" alt=\"\" \/>\n<h4 class=\"\">SERIE RCE<\/h4>\n<p class=\"\">La m\u00e1quina adecuada para la producci\u00f3n diaria, para quienes deben maximizar el beneficio en una producci\u00f3n maximalista.<\/p>\n<a class=\"\" href=\"https:\/\/www.rotoplastic.net\/es\/?page_id=191\" target=\"_self\"><i class=\"font-icon-22 fa fa-arrow-circle-right color5\" data-cp-fa=\"true\"><\/i>\u00a0saber m\u00e1s<\/a>\n\n<\/div>\n<div class=\"features-square-image-featcol cp4cols cp6cols-tablet\"><img decoding=\"async\" class=\"features-square-image-featimg\" src=\"https:\/\/www.rotoplastic.net\/wp-content\/uploads\/2024\/12\/RS.png\" alt=\"\" \/>\n<h4 class=\"\">SERIE RS<\/h4>\n<p class=\"\">El tope de gama de las lanzaderas la versi\u00f3n RC, pero en versi\u00f3n Shuttle, especialmente indicada para prototipos<\/p>\n<a class=\"\" href=\"https:\/\/www.rotoplastic.net\/es\/?page_id=81\" target=\"_self\"><i class=\"font-icon-22 fa fa-arrow-circle-right color5\" data-cp-fa=\"true\"><\/i>\u00a0saber m\u00e1s<\/a>\n\n<\/div>\n<\/div>\n<\/div>\n<\/div>","protected":false},"excerpt":{"rendered":"<p>L\u2019OBBIETTIVO DI ROTOPLASTIC Sviluppo costante Rotoplastic continua l\u2019evoluzione delle macchine per stampaggio rotazionale. L\u2019obbiettivo \u00e8 realizzare macchine competitive e di alta qualit\u00e0. ALTA QUALITA\u2019 ALTA PRODUZIONE BASSI CONSUMI Costruite con le pi\u00f9 nuove tecnologie le nostre macchine hanno una qualit\u00e0 superiore e sono progettate per aumentare la produttivit\u00e0 diminuendo i consumi, meno sprechi maggiore attenzione&hellip; <br \/> <a class=\"button small blue\" href=\"https:\/\/www.rotoplastic.net\/es\/carrusel\/\">Leer m\u00e1s<\/a><\/p>","protected":false},"author":2,"featured_media":0,"parent":0,"menu_order":0,"comment_status":"closed","ping_status":"closed","template":"full-width-page.php","meta":{"footnotes":""},"class_list":["post-78","page","type-page","status-publish","hentry"],"_links":{"self":[{"href":"https:\/\/www.rotoplastic.net\/es\/wp-json\/wp\/v2\/pages\/78","targetHints":{"allow":["GET"]}}],"collection":[{"href":"https:\/\/www.rotoplastic.net\/es\/wp-json\/wp\/v2\/pages"}],"about":[{"href":"https:\/\/www.rotoplastic.net\/es\/wp-json\/wp\/v2\/types\/page"}],"author":[{"embeddable":true,"href":"https:\/\/www.rotoplastic.net\/es\/wp-json\/wp\/v2\/users\/2"}],"replies":[{"embeddable":true,"href":"https:\/\/www.rotoplastic.net\/es\/wp-json\/wp\/v2\/comments?post=78"}],"version-history":[{"count":11,"href":"https:\/\/www.rotoplastic.net\/es\/wp-json\/wp\/v2\/pages\/78\/revisions"}],"predecessor-version":[{"id":396,"href":"https:\/\/www.rotoplastic.net\/es\/wp-json\/wp\/v2\/pages\/78\/revisions\/396"}],"wp:attachment":[{"href":"https:\/\/www.rotoplastic.net\/es\/wp-json\/wp\/v2\/media?parent=78"}],"curies":[{"name":"wp","href":"https:\/\/api.w.org\/{rel}","templated":true}]}}