{"id":82,"date":"2024-12-23T14:57:39","date_gmt":"2024-12-23T13:57:39","guid":{"rendered":"https:\/\/service.rotoplastic.it\/www\/?page_id=82"},"modified":"2024-12-27T19:19:47","modified_gmt":"2024-12-27T18:19:47","slug":"mezcladora","status":"publish","type":"page","link":"https:\/\/www.rotoplastic.net\/es\/mezcladora\/","title":{"rendered":"MEZCLADOR"},"content":{"rendered":"<div  data-label=\"About\" data-id=\"about-text-icons-section\" data-category=\"about\" class=\"about-text-icons-section white-text-section\" id=\"about-5\" style=\"background-color: rgb(9, 97, 119); background-image: none;\" data-ovid=\"ovid-about-5-1039\"> <div  class=\"gridContainer\"> <div  class=\"about-text-icons-innerrow dynamic-color\"> <div  class=\"about-text-icons-textcol\" data-type=\"column\">  <h3  class=\"\">MEZCLA ESPECIALIZADA PARA POLVO DE ROTOMOLDEO<\/h3> <p  class=\"\">Nuevo dise\u00f1o de todas las piezas de la m\u00e1quina para adaptar los materiales y los procesos a las normas actuales.<br >\nReducci\u00f3n eficaz del consumo el\u00e9ctrico: la potencia el\u00e9ctrica instalada en nuestras m\u00e1quinas es 35% inferior a la de las m\u00e1quinas de la misma categor\u00eda actualmente en el mercado, y nuestro consumo el\u00e9ctrico en kw\/h se reduce a 50%.<\/p> <\/div> <div  class=\"about-text-icons-cols flexbox-list\"> <div  class=\"about-text-icons-iconcol\"> <i  data-cp-fa=\"true\" class=\"font-icon-21 fa fa-tint color5\"><\/i> <h4 >JUNTAS DE GRAN CAPACIDAD<\/h4> <p >Separaci\u00f3n del eje de rotaci\u00f3n del sello neum\u00e1tico donde se requiere lubricaci\u00f3n del tanque de mezcla con un colch\u00f3n de aire para garantizar la no contaminaci\u00f3n del producto.<\/p><a  href=\"#\" target=\"_self\" data-reiki-hidden=\"true\"><i  data-cp-fa=\"true\" class=\"font-icon-20 fa fa-angle-double-right color5\"><\/i>&nbsp;saber m\u00e1s<\/a> <\/div> <div  class=\"about-text-icons-iconcol\"> <i  data-cp-fa=\"true\" class=\"font-icon-21 fa fa-thermometer-2 color5\"><\/i> <h4 >CONTROL DIGITAL DE VELOCIDAD<\/h4> <p >Nuestro algoritmo de control de la velocidad, vinculado a la temperatura del producto en el dep\u00f3sito, permite reducir la velocidad cuando la temperatura supera el valor establecido.<\/p><a  href=\"#\" target=\"_self\" data-reiki-hidden=\"true\"><i  data-cp-fa=\"true\" class=\"font-icon-20 fa fa-angle-double-right color5\"><\/i>&nbsp;saber m\u00e1s<\/a> <\/div> <div  class=\"about-text-icons-iconcol\"> <i  data-cp-fa=\"true\" class=\"font-icon-21 fa fa-pie-chart color5\"><\/i> <h4 >TECNOLOG\u00cdA<\/h4> <p >Los inversores de alta eficiencia y los motores IE3 mantienen el consumo al m\u00ednimo.\n<br >Las operaciones est\u00e1n totalmente controladas por un PLC Siemens de \u00faltima generaci\u00f3n<\/p><a  href=\"#\" target=\"_self\" data-reiki-hidden=\"true\"><i  data-cp-fa=\"true\" class=\"font-icon-20 fa fa-angle-double-right color5\"><\/i>&nbsp;saber m\u00e1s<\/a> <\/div> <div  class=\"about-text-icons-iconcol\"> <i  data-cp-fa=\"true\" class=\"font-icon-21 fa fa-connectdevelop color5\"><\/i> <h4 >INDUSTRIA 4.0<\/h4> <p >El sistema de control de la m\u00e1quina permite la supervisi\u00f3n y el mantenimiento a distancia y est\u00e1 totalmente integrado con Industria 4.0.<\/p><a  href=\"#\" target=\"_self\" data-reiki-hidden=\"true\"><i  data-cp-fa=\"true\" class=\"font-icon-20 fa fa-angle-double-right color5\"><\/i>&nbsp;saber m\u00e1s<\/a> <\/div> <\/div> <\/div> <\/div><\/div><div  data-label=\"Gallery\" data-id=\"gallery-section\" data-category=\"gallery\" class=\"row_298 gallery-section white-text-section\" id=\"gallery-2\" style=\"background-color: rgb(9, 97, 119); background-image: none;\" data-ovid=\"ovid-gallery-2-108\"> <div  class=\"gridContainer\"> <div  class=\"row_300\"> <div  class=\"clients-grid-textcol dynamic-color\"> <h2 >SERIE MLP<\/h2> <p ><\/p> <\/div> <\/div> <div  class=\"row_299\" data-content-shortcode=\"ope_gallery id=&quot;ope-gallery-2&quot; columns=&quot;9&quot; ids=&quot;180,178,179,177,175,176,174,173,14&quot; lb=&quot;1&quot; masonry=&quot;1&quot; size=&quot;medium&quot; link=&quot;file&quot; \" data-editable=\"true\"><div id='ope-gallery-2' class='gallery-wrapper'>    <style type=\"text\/css\">\n        @media only screen and (min-width: 768px) {\n        #ope-gallery-2 dl {\n            float: left;\n            width: 11.111111111111% !important;\n            max-width: 11.111111111111% !important;\n            min-width: 11.111111111111% !important;\n        }\n\n        #ope-gallery-2 dl:nth-of-type(9n +1 ) {\n                                       clear: both;\n                                   }\n        }\n    <\/style>\n    <div   class='ope-gallery-2-dls-wrapper gallery-items-wrapper' ><dl class='gallery-item'>\n\t\t\t<dt class='gallery-icon landscape'>\n\t\t\t\t<a data-fancybox=\"ope-gallery-2-group\" href='https:\/\/www.rotoplastic.net\/wp-content\/uploads\/2024\/12\/SCARICO.png'><img loading=\"lazy\" decoding=\"async\"  width=\"300\" height=\"300\" src=\"https:\/\/www.rotoplastic.net\/wp-content\/uploads\/2024\/12\/SCARICO-300x300.png\"  class='ope-gallery-2-image' alt=\"\" srcset=\"https:\/\/www.rotoplastic.net\/wp-content\/uploads\/2024\/12\/SCARICO-300x300.png 300w, https:\/\/www.rotoplastic.net\/wp-content\/uploads\/2024\/12\/SCARICO-150x150.png 150w, https:\/\/www.rotoplastic.net\/wp-content\/uploads\/2024\/12\/SCARICO.png 350w\" sizes=\"auto, (max-width: 300px) 100vw, 300px\" \/><\/a>\n\t\t\t<\/dt><\/dl><dl class='gallery-item'>\n\t\t\t<dt class='gallery-icon landscape'>\n\t\t\t\t<a data-fancybox=\"ope-gallery-2-group\" href='https:\/\/www.rotoplastic.net\/wp-content\/uploads\/2024\/12\/MLP600_BLADE.png'><img loading=\"lazy\" decoding=\"async\"  width=\"300\" height=\"300\" src=\"https:\/\/www.rotoplastic.net\/wp-content\/uploads\/2024\/12\/MLP600_BLADE-300x300.png\"  class='ope-gallery-2-image' alt=\"\" srcset=\"https:\/\/www.rotoplastic.net\/wp-content\/uploads\/2024\/12\/MLP600_BLADE-300x300.png 300w, https:\/\/www.rotoplastic.net\/wp-content\/uploads\/2024\/12\/MLP600_BLADE-150x150.png 150w, https:\/\/www.rotoplastic.net\/wp-content\/uploads\/2024\/12\/MLP600_BLADE.png 350w\" sizes=\"auto, (max-width: 300px) 100vw, 300px\" \/><\/a>\n\t\t\t<\/dt><\/dl><dl class='gallery-item'>\n\t\t\t<dt class='gallery-icon landscape'>\n\t\t\t\t<a data-fancybox=\"ope-gallery-2-group\" href='https:\/\/www.rotoplastic.net\/wp-content\/uploads\/2024\/12\/MLP600_SCARICO.png'><img loading=\"lazy\" decoding=\"async\"  width=\"300\" height=\"300\" src=\"https:\/\/www.rotoplastic.net\/wp-content\/uploads\/2024\/12\/MLP600_SCARICO-300x300.png\"  class='ope-gallery-2-image' alt=\"\" srcset=\"https:\/\/www.rotoplastic.net\/wp-content\/uploads\/2024\/12\/MLP600_SCARICO-300x300.png 300w, https:\/\/www.rotoplastic.net\/wp-content\/uploads\/2024\/12\/MLP600_SCARICO-150x150.png 150w, https:\/\/www.rotoplastic.net\/wp-content\/uploads\/2024\/12\/MLP600_SCARICO.png 350w\" sizes=\"auto, (max-width: 300px) 100vw, 300px\" \/><\/a>\n\t\t\t<\/dt><\/dl><dl class='gallery-item'>\n\t\t\t<dt class='gallery-icon landscape'>\n\t\t\t\t<a data-fancybox=\"ope-gallery-2-group\" href='https:\/\/www.rotoplastic.net\/wp-content\/uploads\/2024\/12\/MLP600_ARIA_2.png'><img loading=\"lazy\" decoding=\"async\"  width=\"300\" height=\"300\" src=\"https:\/\/www.rotoplastic.net\/wp-content\/uploads\/2024\/12\/MLP600_ARIA_2-300x300.png\"  class='ope-gallery-2-image' alt=\"\" srcset=\"https:\/\/www.rotoplastic.net\/wp-content\/uploads\/2024\/12\/MLP600_ARIA_2-300x300.png 300w, https:\/\/www.rotoplastic.net\/wp-content\/uploads\/2024\/12\/MLP600_ARIA_2-150x150.png 150w, https:\/\/www.rotoplastic.net\/wp-content\/uploads\/2024\/12\/MLP600_ARIA_2.png 350w\" sizes=\"auto, (max-width: 300px) 100vw, 300px\" \/><\/a>\n\t\t\t<\/dt><\/dl><dl class='gallery-item'>\n\t\t\t<dt class='gallery-icon landscape'>\n\t\t\t\t<a data-fancybox=\"ope-gallery-2-group\" href='https:\/\/www.rotoplastic.net\/wp-content\/uploads\/2024\/12\/MLP600_ARIA.png'><img loading=\"lazy\" decoding=\"async\"  width=\"300\" height=\"300\" src=\"https:\/\/www.rotoplastic.net\/wp-content\/uploads\/2024\/12\/MLP600_ARIA-300x300.png\"  class='ope-gallery-2-image' alt=\"\" srcset=\"https:\/\/www.rotoplastic.net\/wp-content\/uploads\/2024\/12\/MLP600_ARIA-300x300.png 300w, https:\/\/www.rotoplastic.net\/wp-content\/uploads\/2024\/12\/MLP600_ARIA-150x150.png 150w, https:\/\/www.rotoplastic.net\/wp-content\/uploads\/2024\/12\/MLP600_ARIA.png 350w\" sizes=\"auto, (max-width: 300px) 100vw, 300px\" \/><\/a>\n\t\t\t<\/dt><\/dl><dl class='gallery-item'>\n\t\t\t<dt class='gallery-icon landscape'>\n\t\t\t\t<a data-fancybox=\"ope-gallery-2-group\" href='https:\/\/www.rotoplastic.net\/wp-content\/uploads\/2024\/12\/MLP600_ARIA_1.png'><img loading=\"lazy\" decoding=\"async\"  width=\"300\" height=\"300\" src=\"https:\/\/www.rotoplastic.net\/wp-content\/uploads\/2024\/12\/MLP600_ARIA_1-300x300.png\"  class='ope-gallery-2-image' alt=\"\" srcset=\"https:\/\/www.rotoplastic.net\/wp-content\/uploads\/2024\/12\/MLP600_ARIA_1-300x300.png 300w, https:\/\/www.rotoplastic.net\/wp-content\/uploads\/2024\/12\/MLP600_ARIA_1-150x150.png 150w, https:\/\/www.rotoplastic.net\/wp-content\/uploads\/2024\/12\/MLP600_ARIA_1.png 350w\" sizes=\"auto, (max-width: 300px) 100vw, 300px\" \/><\/a>\n\t\t\t<\/dt><\/dl><dl class='gallery-item'>\n\t\t\t<dt class='gallery-icon landscape'>\n\t\t\t\t<a data-fancybox=\"ope-gallery-2-group\" href='https:\/\/www.rotoplastic.net\/wp-content\/uploads\/2024\/12\/MLP600_APERURA_ALTO.png'><img loading=\"lazy\" decoding=\"async\"  width=\"300\" height=\"300\" src=\"https:\/\/www.rotoplastic.net\/wp-content\/uploads\/2024\/12\/MLP600_APERURA_ALTO-300x300.png\"  class='ope-gallery-2-image' alt=\"\" srcset=\"https:\/\/www.rotoplastic.net\/wp-content\/uploads\/2024\/12\/MLP600_APERURA_ALTO-300x300.png 300w, https:\/\/www.rotoplastic.net\/wp-content\/uploads\/2024\/12\/MLP600_APERURA_ALTO-150x150.png 150w, https:\/\/www.rotoplastic.net\/wp-content\/uploads\/2024\/12\/MLP600_APERURA_ALTO.png 350w\" sizes=\"auto, (max-width: 300px) 100vw, 300px\" \/><\/a>\n\t\t\t<\/dt><\/dl><dl class='gallery-item'>\n\t\t\t<dt class='gallery-icon landscape'>\n\t\t\t\t<a data-fancybox=\"ope-gallery-2-group\" href='https:\/\/www.rotoplastic.net\/wp-content\/uploads\/2024\/12\/MLP600_APERTURA.png'><img loading=\"lazy\" decoding=\"async\"  width=\"300\" height=\"300\" src=\"https:\/\/www.rotoplastic.net\/wp-content\/uploads\/2024\/12\/MLP600_APERTURA-300x300.png\"  class='ope-gallery-2-image' alt=\"\" srcset=\"https:\/\/www.rotoplastic.net\/wp-content\/uploads\/2024\/12\/MLP600_APERTURA-300x300.png 300w, https:\/\/www.rotoplastic.net\/wp-content\/uploads\/2024\/12\/MLP600_APERTURA-150x150.png 150w, https:\/\/www.rotoplastic.net\/wp-content\/uploads\/2024\/12\/MLP600_APERTURA.png 350w\" sizes=\"auto, (max-width: 300px) 100vw, 300px\" \/><\/a>\n\t\t\t<\/dt><\/dl><dl class='gallery-item'>\n\t\t\t<dt class='gallery-icon landscape'>\n\t\t\t\t<a data-fancybox=\"ope-gallery-2-group\" href='https:\/\/www.rotoplastic.net\/wp-content\/uploads\/2024\/12\/MLP.png'><img loading=\"lazy\" decoding=\"async\"  width=\"300\" height=\"300\" src=\"https:\/\/www.rotoplastic.net\/wp-content\/uploads\/2024\/12\/MLP-300x300.png\"  class='ope-gallery-2-image' alt=\"\" srcset=\"https:\/\/www.rotoplastic.net\/wp-content\/uploads\/2024\/12\/MLP-300x300.png 300w, https:\/\/www.rotoplastic.net\/wp-content\/uploads\/2024\/12\/MLP-150x150.png 150w, https:\/\/www.rotoplastic.net\/wp-content\/uploads\/2024\/12\/MLP.png 450w\" sizes=\"auto, (max-width: 300px) 100vw, 300px\" \/><\/a>\n\t\t\t<\/dt><\/dl>\n\t\t<\/div>\n<style>#ope-gallery-2 .wp-caption-text.gallery-caption{display:none;}<\/style><\/div><\/div> <\/div><\/div>","protected":false},"excerpt":{"rendered":"<p>MEZCLA ESPECIALIZADA PARA POLVO DE IMPRESI\u00d3N ROTATIVO Nuevo dise\u00f1o de todas las partes de la m\u00e1quina para adaptar los materiales y los procesos a los est\u00e1ndares actuales. Reducci\u00f3n eficaz del consumo de energ\u00eda el\u00e9ctrica: la potencia el\u00e9ctrica instalada en nuestras m\u00e1quinas es 35% inferior a la de las m\u00e1quinas de la misma categor\u00eda actualmente en el mercado, y nuestro consumo el\u00e9ctrico en... <br \/> <a class=\"button small blue\" href=\"https:\/\/www.rotoplastic.net\/es\/mezcladora\/\">Leer m\u00e1s<\/a><\/p>","protected":false},"author":2,"featured_media":0,"parent":0,"menu_order":0,"comment_status":"closed","ping_status":"closed","template":"full-width-page.php","meta":{"footnotes":""},"class_list":["post-82","page","type-page","status-publish","hentry"],"_links":{"self":[{"href":"https:\/\/www.rotoplastic.net\/es\/wp-json\/wp\/v2\/pages\/82","targetHints":{"allow":["GET"]}}],"collection":[{"href":"https:\/\/www.rotoplastic.net\/es\/wp-json\/wp\/v2\/pages"}],"about":[{"href":"https:\/\/www.rotoplastic.net\/es\/wp-json\/wp\/v2\/types\/page"}],"author":[{"embeddable":true,"href":"https:\/\/www.rotoplastic.net\/es\/wp-json\/wp\/v2\/users\/2"}],"replies":[{"embeddable":true,"href":"https:\/\/www.rotoplastic.net\/es\/wp-json\/wp\/v2\/comments?post=82"}],"version-history":[{"count":7,"href":"https:\/\/www.rotoplastic.net\/es\/wp-json\/wp\/v2\/pages\/82\/revisions"}],"predecessor-version":[{"id":362,"href":"https:\/\/www.rotoplastic.net\/es\/wp-json\/wp\/v2\/pages\/82\/revisions\/362"}],"wp:attachment":[{"href":"https:\/\/www.rotoplastic.net\/es\/wp-json\/wp\/v2\/media?parent=82"}],"curies":[{"name":"wp","href":"https:\/\/api.w.org\/{rel}","templated":true}]}}