{"id":89,"date":"2024-12-23T14:58:46","date_gmt":"2024-12-23T13:58:46","guid":{"rendered":"https:\/\/service.rotoplastic.it\/www\/?page_id=89"},"modified":"2026-02-05T13:48:12","modified_gmt":"2026-02-05T12:48:12","slug":"rotoplastico","status":"publish","type":"page","link":"https:\/\/www.rotoplastic.net\/es\/rotoplastico\/","title":{"rendered":"ROTOPL\u00c1STICO"},"content":{"rendered":"<div id=\"team-3\" class=\"team-small-section white-text-section\" style=\"background-color: #096177; background-image: none;\" data-label=\"Team\" data-id=\"team-small-section\" data-category=\"team\" data-ovid=\"ovid-team-3-256\">\n<div class=\"gridContainer dynamic-color\">\n<div class=\"team-small-textcol\" data-type=\"column\">\n<h2 class=\"\">NUESTRO VALOR<\/h2>\n<p class=\"\">Las personas son nuestro verdadero valor, la seriedad, la capacidad y el compromiso es lo que nos impulsa a dar lo mejor de nosotros mismos.<\/p>\n\n<\/div>\n<div class=\"team-small-memberrow\" data-type=\"row\">\n<div class=\"team-small-membercol cp2cols\"><img decoding=\"async\" class=\"team-small-memberimg-normal\" src=\"https:\/\/www.rotoplastic.net\/wp-content\/uploads\/2024\/12\/dona.png\" alt=\"\" data-size=\"500x500\" \/>\n<h4 class=\"\">Demetrio Don\u00e0<\/h4>\n<p class=\"\">Fundador y administrador<\/p>\n\n<div class=\"team-small-iconsrow\" data-type=\"group\"><\/div>\n<\/div>\n<div class=\"team-small-membercol cp2cols\"><img decoding=\"async\" class=\"team-small-memberimg-normal\" src=\"https:\/\/www.rotoplastic.net\/wp-content\/uploads\/2024\/12\/cropped-zattin.png\" alt=\"\" data-size=\"500x500\" \/>\n<h4 class=\"\">Gianni Zattin<\/h4>\n<p class=\"\">Experto en moldeo rotacional<\/p>\n\n<div class=\"team-small-iconsrow\" data-type=\"group\"><\/div>\n<\/div>\n<div class=\"team-small-membercol cp2cols\"><img decoding=\"async\" class=\"team-small-memberimg-normal\" src=\"https:\/\/www.rotoplastic.net\/wp-content\/uploads\/2024\/12\/bonasio.png\" alt=\"\" data-size=\"500x500\" \/>\n<h4 class=\"\">Franco Bonasio<\/h4>\n<p class=\"\">Director Comercial<\/p>\n\n<div class=\"team-small-iconsrow\" data-type=\"group\"><\/div>\n<\/div>\n<div class=\"team-small-membercol cp2cols\"><img decoding=\"async\" class=\"team-small-memberimg-normal\" src=\"https:\/\/www.rotoplastic.net\/wp-content\/uploads\/2024\/12\/cusaro.png\" alt=\"\" data-size=\"500x500\" \/>\n<h4 class=\"\">Andrea Cusaro<\/h4>\n<p class=\"\">Responsable del departamento t\u00e9cnico<\/p>\n\n<div class=\"team-small-iconsrow\" data-type=\"group\"><\/div>\n<\/div>\n<div class=\"team-small-membercol cp2cols\"><img decoding=\"async\" class=\"team-small-memberimg-normal\" src=\"https:\/\/www.rotoplastic.net\/wp-content\/uploads\/2024\/12\/limido.png\" alt=\"\" data-size=\"500x500\" \/>\n<h4 class=\"\">Luca Limido<\/h4>\n<p class=\"\">Desarrollo de software<\/p>\n\n<div class=\"team-small-iconsrow\" data-type=\"group\"><\/div>\n<\/div>\n<div class=\"team-small-membercol cp2cols\"><img decoding=\"async\" class=\"team-small-memberimg-normal\" src=\"https:\/\/www.rotoplastic.net\/wp-content\/uploads\/2024\/12\/caccia.png\" alt=\"\" data-size=\"500x500\" \/>\n<h4 class=\"\">Laura Caccia<\/h4>\n<p class=\"\">Asistencia posventa<\/p>\n\n<div class=\"team-small-iconsrow\" data-type=\"group\"><\/div>\n<\/div>\n<div class=\"team-small-membercol cp2cols\"><img decoding=\"async\" class=\"team-small-memberimg-normal\" src=\"https:\/\/www.rotoplastic.net\/wp-content\/uploads\/2024\/12\/gioachin.png\" alt=\"\" data-size=\"500x500\" \/>\n<h4 class=\"\">Nello Gioachin<\/h4>\n<p class=\"\">Delineante jefe<\/p>\n\n<div class=\"team-small-iconsrow\" data-type=\"group\"><\/div>\n<\/div>\n<div class=\"team-small-membercol cp2cols\"><img decoding=\"async\" class=\"team-small-memberimg-normal\" src=\"https:\/\/www.rotoplastic.net\/wp-content\/uploads\/2024\/12\/fagone.png\" alt=\"\" data-size=\"500x500\" \/>\n<h4 class=\"\">Corrado Fagone<\/h4>\n<p class=\"\">Automatizaci\u00f3n y mecatr\u00f3nica<\/p>\n\n<div class=\"team-small-iconsrow\" data-type=\"group\"><\/div>\n<\/div>\n<div class=\"team-small-membercol cp2cols\"><img decoding=\"async\" class=\"team-small-memberimg-normal\" src=\"https:\/\/www.rotoplastic.net\/wp-content\/uploads\/2024\/12\/dampbrosca.png\" alt=\"\" data-size=\"500x500\" \/>\n<h4 class=\"\">Paolo D'ambrosca<\/h4>\n<p class=\"\">Jefe de producci\u00f3n<\/p>\n\n<div class=\"team-small-iconsrow\" data-type=\"group\"><\/div>\n<\/div>\n<div class=\"team-small-membercol cp2cols\"><img decoding=\"async\" class=\"team-small-memberimg-normal\" src=\"https:\/\/www.rotoplastic.net\/wp-content\/uploads\/2024\/12\/bottarini.png\" alt=\"\" data-size=\"500x500\" \/>\n<h4 class=\"\">Daniela Bottarini<\/h4>\n<p class=\"\">Director de compras<\/p>\n\n<div class=\"team-small-iconsrow\" data-type=\"group\"><\/div>\n<\/div>\n<div class=\"team-small-membercol cp2cols\"><img decoding=\"async\" class=\"team-small-memberimg-normal\" src=\"https:\/\/www.rotoplastic.net\/wp-content\/uploads\/2024\/12\/cropped-cropped-R-Rotoplastic-Dark-2.png\" alt=\"\" data-size=\"500x500\" \/>\n<h4 class=\"\">Carlo Rogora<\/h4>\n<p class=\"\">Gesti\u00f3n de almacenes<\/p>\n\n<div class=\"team-small-iconsrow\" data-type=\"group\"><\/div>\n<\/div>\n<\/div>\n<\/div>\n<\/div>\n<div id=\"about-5\" class=\"about-text-icons-section white-text-section\" style=\"background-color: #096177; background-image: none;\" data-label=\"About\" data-id=\"about-text-icons-section\" data-category=\"about\" data-ovid=\"ovid-about-5-167\">\n<div class=\"gridContainer\">\n<div class=\"about-text-icons-innerrow dynamic-color\">\n<div class=\"about-text-icons-textcol\" data-type=\"column\">\n<h5 class=\"\">QUI\u00c9NES SOMOS<\/h5>\n<p class=\"\">Nacimos con la idea de redise\u00f1ar y renovar las m\u00e1quinas de rotomoldeo observando los sistemas existentes, analizando su funcionalidad y dise\u00f1ando las mejoras y perfeccionamientos que hoy caracterizan las soluciones de Rotoplastic.<\/p>\n<p class=\"\">Nuestra misi\u00f3n es trasladar la producci\u00f3n de m\u00e1quinas de moldeo rotacional del mercado mec\u00e1nico al desarrollo de sistemas complejos, en los que la electr\u00f3nica, el software y la ingenier\u00eda dialoguen para optimizar los procesos de producci\u00f3n, simplificar el uso de los sistemas y permitir una asistencia a distancia cada vez m\u00e1s eficaz.<\/p>\n<p class=\"\">Un aspecto del doble valor para la empresa que utiliza m\u00e1quinas de moldeo rotacional Rotoplastic: social y econ\u00f3mico.<\/p>\n\n<\/div>\n<div class=\"about-text-icons-cols flexbox-list\">\n<div class=\"about-text-icons-iconcol\"><i class=\"font-icon-21 fa fa-connectdevelop color5\" data-cp-fa=\"true\"><\/i>\n<h4>INDUSTRIA 4.0<\/h4>\n<p class=\"\">Optimizar los procesos de producci\u00f3n para facilitar el uso, manejo y mantenimiento de la maquinaria, reduciendo costes y tiempo.<\/p>\n<a class=\"\" href=\"https:\/\/www.rotoplastic.net\/es\/rotoplastico\/industria-4-0\/\" target=\"_self\"><i class=\"font-icon-20 fa fa-angle-double-right color5\" data-cp-fa=\"true\"><\/i>\u00a0saber m\u00e1s<\/a>\n\n<\/div>\n<div class=\"about-text-icons-iconcol\"><i class=\"font-icon-21 fa fa-envira color5\" data-cp-fa=\"true\"><\/i>\n<h4>ENERG\u00cdA Y CONSUMO<\/h4>\n<p class=\"\">Reducir el consumo de energ\u00eda, aprovechar las nuevas tecnolog\u00edas y los nuevos sistemas de transformaci\u00f3n para reducir los costes de explotaci\u00f3n, disminuir las emisiones contaminantes y, por tanto, reducir el impacto ambiental.<\/p>\n<a href=\"#\" target=\"_self\" data-reiki-hidden=\"true\"><i class=\"font-icon-20 fa fa-angle-double-right color5\" data-cp-fa=\"true\"><\/i>\u00a0saber m\u00e1s<\/a>\n\n<\/div>\n<div class=\"about-text-icons-iconcol\"><i class=\"font-icon-21 fa fa-handshake-o color5\" data-cp-fa=\"true\"><\/i>\n<h4>SOCIOS NO PROVEEDORES<\/h4>\n<p class=\"\">Rotoplastic no quiere ser un mero proveedor, sino un verdadero socio en el desarrollo y la puesta en marcha de las plantas de sus clientes. S\u00f3lo as\u00ed es posible dar el m\u00e1ximo y crear soluciones que alcancen los objetivos de m\u00e1xima eficiencia y productividad a costes controlados.<\/p>\n<a href=\"#\" target=\"_self\" data-reiki-hidden=\"true\"><i class=\"font-icon-20 fa fa-angle-double-right color5\" data-cp-fa=\"true\"><\/i>\u00a0saber m\u00e1s<\/a>\n\n<\/div>\n<div class=\"about-text-icons-iconcol\"><i class=\"font-icon-21 fa fa-balance-scale color5\" data-cp-fa=\"true\"><\/i>\n<h4>BENEFICIO PARA EL CLIENTE<\/h4>\n<p class=\"\">Al redise\u00f1ar las m\u00e1quinas, nos propusimos fabricarlas de forma que aportaran algunas ventajas clave a nuestros clientes.<\/p>\n<p class=\"\">Aumentar la rentabilidad de la planta<\/p>\n<a href=\"#\" target=\"_self\" data-reiki-hidden=\"true\"><i class=\"font-icon-20 fa fa-angle-double-right color5\" data-cp-fa=\"true\"><\/i>\u00a0saber m\u00e1s<\/a>\n\n<\/div>\n<\/div>\n<\/div>\n<\/div>\n<\/div>","protected":false},"excerpt":{"rendered":"<p>IL NOSTRO VALORE Le persone sono il nostro vero valore, seriet\u00e0 capacit\u00e0 e tanto impegno \u00e8 ci\u00f2 che ci spinge a dare il meglio Demetrio Don\u00e0 Fondatore ed amministratore Gianni Zattin Esperto di stampaggio rotazionale Franco Bonasio Direttore commerciale Andrea Cusaro Responsabile ufficio tecnico Luca Limido Sviluppo software Laura Caccia Supporto post vendita Nello Gioachin&hellip; <br \/> <a class=\"button small blue\" href=\"https:\/\/www.rotoplastic.net\/es\/rotoplastico\/\">Leer m\u00e1s<\/a><\/p>","protected":false},"author":2,"featured_media":0,"parent":0,"menu_order":0,"comment_status":"closed","ping_status":"closed","template":"full-width-page.php","meta":{"footnotes":""},"class_list":["post-89","page","type-page","status-publish","hentry"],"_links":{"self":[{"href":"https:\/\/www.rotoplastic.net\/es\/wp-json\/wp\/v2\/pages\/89","targetHints":{"allow":["GET"]}}],"collection":[{"href":"https:\/\/www.rotoplastic.net\/es\/wp-json\/wp\/v2\/pages"}],"about":[{"href":"https:\/\/www.rotoplastic.net\/es\/wp-json\/wp\/v2\/types\/page"}],"author":[{"embeddable":true,"href":"https:\/\/www.rotoplastic.net\/es\/wp-json\/wp\/v2\/users\/2"}],"replies":[{"embeddable":true,"href":"https:\/\/www.rotoplastic.net\/es\/wp-json\/wp\/v2\/comments?post=89"}],"version-history":[{"count":14,"href":"https:\/\/www.rotoplastic.net\/es\/wp-json\/wp\/v2\/pages\/89\/revisions"}],"predecessor-version":[{"id":398,"href":"https:\/\/www.rotoplastic.net\/es\/wp-json\/wp\/v2\/pages\/89\/revisions\/398"}],"wp:attachment":[{"href":"https:\/\/www.rotoplastic.net\/es\/wp-json\/wp\/v2\/media?parent=89"}],"curies":[{"name":"wp","href":"https:\/\/api.w.org\/{rel}","templated":true}]}}