{"id":9,"date":"2024-12-23T13:00:30","date_gmt":"2024-12-23T12:00:30","guid":{"rendered":"https:\/\/service.rotoplastic.it\/www\/?page_id=9"},"modified":"2026-02-10T12:39:50","modified_gmt":"2026-02-10T11:39:50","slug":"one-page-express","status":"publish","type":"page","link":"https:\/\/www.rotoplastic.net\/es\/","title":{"rendered":"Portada"},"content":{"rendered":"<div  id=\"prodotti-standard\" class=\"features-square-image-section white-text-section\" style=\"background-color: #096177; background-image: none;\" data-label=\"PRODOTTI STANDARD\" data-id=\"features-square-image-section\" data-category=\"features\" data-ovid=\"ovid-features-7-9559\">\n<div  class=\"gridContainer dynamic-color\">\n<div  class=\"features-square-image-textrow\">\n<div  class=\"features-square-image-textcol\" data-type=\"column\">\n<h2  class=\"\">NUESTRA MAQUINARIA<\/h2>\n<p  class=\"\">Fabricamos m\u00e1quinas de moldeo por rotaci\u00f3n con pasi\u00f3n y fiabilidad porque nuestro negocio es su negocio<\/p>\n\n<\/div>\n<\/div>\n<div  class=\"features-square-image-innerrow\" data-type=\"row\">\n<div  class=\"features-square-image-featcol cp4cols cp6cols-tablet\"><img  decoding=\"async\" class=\"features-square-image-featimg\" src=\"https:\/\/www.rotoplastic.net\/wp-content\/uploads\/2024\/12\/RC.png\" alt=\"\">\n<h4  class=\"\">M\u00c1QUINAS DE CARRUSEL DE LA SERIE RC<\/h4>\n<p  class=\"\">TEMPERATURA FORNO FINO A 400\u00b0C\n\n6 STAZIONI\n\nMODULO ELETTRICO PER FUNZIONAMENTO CON DOPPIA ALIMENTAZIONE,\n\nBASSE EMISSIONI E CONSUMI\n\nSISTEMA DI RISCALDAMENTO BREVETTATO\n\nIDEALE PER PRODUZIONE AUTOMOTIVE\n\nOEM LEVEL<\/p>\n<a  class=\"\" href=\"https:\/\/www.rotoplastic.net\/es\/serie-rc\/\" target=\"_self\"><i  class=\"font-icon-22 fa fa-arrow-circle-right color5\" data-cp-fa=\"true\"><\/i>&nbsp;saber m\u00e1s<\/a>\n\n<\/div>\n<div  class=\"features-square-image-featcol cp4cols cp6cols-tablet\"><img  decoding=\"async\" class=\"features-square-image-featimg\" src=\"https:\/\/www.rotoplastic.net\/wp-content\/uploads\/2024\/12\/RCE.png\" alt=\"\">\n<h4  class=\"\">M\u00c1QUINAS DE CARRUSEL DE LA SERIE RCE<\/h4>\n<p  class=\"\">TEMPERATURA FORNO FINO A 400\u00b0C\n\n5 STAZIONI\n\nBASSE EMISSIONI E CONSUMI\n\nSISTEMA DI RISCALDAMENTO TRADIZIONALE\n\nMACCHINA PER PRODUZIONI STANDARD<\/p>\n<a  class=\"\" href=\"https:\/\/www.rotoplastic.net\/es\/serie-rce\/\" target=\"_self\"><i  class=\"font-icon-22 fa fa-arrow-circle-right color5\" data-cp-fa=\"true\"><\/i>&nbsp;saber m\u00e1s<\/a>\n\n<\/div>\n<div  class=\"features-square-image-featcol cp4cols cp6cols-tablet\"><img  decoding=\"async\" class=\"features-square-image-featimg\" src=\"https:\/\/www.rotoplastic.net\/wp-content\/uploads\/2024\/12\/RS.png\" alt=\"\">\n<h4  class=\"\">LANZADERAS DE LA SERIE RS<\/h4>\n<p  class=\"\">TEMPERATURA FORNO FINO A 400\u00b0C\n\n1-2 STAZIONI MODULO ELETTRICO PER FUNZIONAMENTO CON DOPPIA ALIMENTAZIONE,&nbsp; BASSE EMISSIONI E CONSUMI\n\nSISTEMA DI RISCALDAMENTO BREVETTATO\n\nIDEALE PER PRODUZIONE AUTOMOTIVE\n\nOEM LEVEL<\/p>\n<a  class=\"\" href=\"https:\/\/www.rotoplastic.net\/es\/lanzadera\/\" target=\"_self\"><i  class=\"font-icon-22 fa fa-arrow-circle-right color5\" data-cp-fa=\"true\"><\/i>&nbsp;saber m\u00e1s<\/a>\n\n<\/div>\n<div  class=\"features-square-image-featcol cp4cols cp6cols-tablet\"><img  decoding=\"async\" class=\"features-square-image-featimg\" src=\"https:\/\/www.rotoplastic.net\/wp-content\/uploads\/2024\/12\/MLP.png\" alt=\"\">\n<h4  class=\"\">MEZCLADOR EN FR\u00cdO<\/h4>\n<p  class=\"\">Mezclador para pigmentaci\u00f3n en polvo en fr\u00edo adecuado para producci\u00f3n inmediata, tama\u00f1os de 150 a 800lt, sistema de control de temperatura y control de velocidad mediante inversor.<\/p>\n<a  class=\"\" href=\"https:\/\/www.rotoplastic.net\/es\/mezcladora\/\" target=\"_self\"><i  class=\"font-icon-22 fa fa-arrow-circle-right color5\" data-cp-fa=\"true\"><\/i>&nbsp;saber m\u00e1s<\/a>\n\n<\/div>\n<div  class=\"features-square-image-featcol cp4cols cp6cols-tablet\"><img  decoding=\"async\" class=\"features-square-image-featimg\" src=\"https:\/\/www.rotoplastic.net\/wp-content\/uploads\/2024\/12\/piattaforma.png\" alt=\"\">\n<h4  class=\"\">PLATAFORMAS DE SERVICIOS<\/h4>\n<p  class=\"\">Plataformas m\u00f3viles, con movilidad de 4 ejes totalmente controlada por el software de la m\u00e1quina. Polipastos de elevaci\u00f3n.<\/p>\n<a  class=\"\" href=\"#\" target=\"_self\"><i  class=\"font-icon-22 fa fa-arrow-circle-right color5\" data-cp-fa=\"true\"><\/i>&nbsp;saber m\u00e1s<\/a>\n\n<\/div>\n<div  class=\"features-square-image-featcol cp4cols cp6cols-tablet\"><img  decoding=\"async\" class=\"features-square-image-featimg\" src=\"https:\/\/www.rotoplastic.net\/wp-content\/uploads\/2024\/12\/CARICO.png\" alt=\"\">\n<h4  class=\"\">SISTEMAS AUTOM\u00c1TICOS DE CARGA DE POLVO<\/h4>\n<p  class=\"\">Sistema de dosificaci\u00f3n y transporte del polvo, cada color es controlado y gestionado directamente por la m\u00e1quina a trav\u00e9s de una sencilla interfaz de operador<\/p>\n<a  class=\"\" href=\"https:\/\/www.rotoplastic.net\/es\/sistemas-de-carga\/\" target=\"_blank\" rel=\"noopener\"><i  class=\"font-icon-22 fa fa-arrow-circle-right color5\" data-cp-fa=\"true\"><\/i>&nbsp;saber m\u00e1s<\/a>\n\n<\/div>\n<\/div>\n<\/div>\n<\/div><div  id=\"beex-energy\" class=\"content-left-video-section content-video-left white-text-section\" style=\"background-color: #096177; background-image: none;\" data-label=\"BEex Energy\" data-id=\"content-video-left\" data-category=\"content\" data-ovid=\"ovid-content-1-336\">\n<div  class=\"gridContainer dynamic-color\">\n<div  class=\"content-left-video-innerrow\">\n<div  class=\"content-left-video-imgcol\" style=\"background-image: url('https:\/\/www.rotoplastic.net\/wp-content\/uploads\/2024\/12\/RS.png');\" data-bg=\"image\" data-type=\"group\"><\/div>\n<div  class=\"content-left-video-textcol\" data-type=\"column\">\n<h2  class=\"\">La primera m\u00e1quina BEEx de B-Energy Exchanger para moldeo rotacional<\/h2>\n<p  class=\"\">E\u2019 arrivato il momento di cambiare, Rotoplastic grazie alla forza tecnica ed innovativa che ci contraddistingue presenta al mondo la prima macchina per stampaggio rotazionale con scambiatore ad alta efficienza b-energy BE Power!\n\nContattateci per maggiori informazioni!<\/p>\n\n<\/div>\n<\/div>\n<\/div>\n<\/div>","protected":false},"excerpt":{"rendered":"<p>I NOSTRI MACCHINARI Produciamo macchine per stampaggio rotazione con passione e seriet\u00e0 perch\u00e8 il nostro lavoro \u00e8 il vostro businness MACCHINE CAROSELLO SERIE RC TEMPERATURA FORNO FINO A 400\u00b0C 6 STAZIONI MODULO ELETTRICO PER FUNZIONAMENTO CON DOPPIA ALIMENTAZIONE, BASSE EMISSIONI E CONSUMI SISTEMA DI RISCALDAMENTO BREVETTATO IDEALE PER PRODUZIONE AUTOMOTIVE OEM LEVEL &nbsp;learn more MACCHINE&hellip; <br \/> <a class=\"button small blue\" href=\"https:\/\/www.rotoplastic.net\/es\/\">Leer m\u00e1s<\/a><\/p>","protected":false},"author":2,"featured_media":0,"parent":0,"menu_order":0,"comment_status":"closed","ping_status":"closed","template":"","meta":{"footnotes":""},"class_list":["post-9","page","type-page","status-publish","hentry"],"_links":{"self":[{"href":"https:\/\/www.rotoplastic.net\/es\/wp-json\/wp\/v2\/pages\/9","targetHints":{"allow":["GET"]}}],"collection":[{"href":"https:\/\/www.rotoplastic.net\/es\/wp-json\/wp\/v2\/pages"}],"about":[{"href":"https:\/\/www.rotoplastic.net\/es\/wp-json\/wp\/v2\/types\/page"}],"author":[{"embeddable":true,"href":"https:\/\/www.rotoplastic.net\/es\/wp-json\/wp\/v2\/users\/2"}],"replies":[{"embeddable":true,"href":"https:\/\/www.rotoplastic.net\/es\/wp-json\/wp\/v2\/comments?post=9"}],"version-history":[{"count":28,"href":"https:\/\/www.rotoplastic.net\/es\/wp-json\/wp\/v2\/pages\/9\/revisions"}],"predecessor-version":[{"id":409,"href":"https:\/\/www.rotoplastic.net\/es\/wp-json\/wp\/v2\/pages\/9\/revisions\/409"}],"wp:attachment":[{"href":"https:\/\/www.rotoplastic.net\/es\/wp-json\/wp\/v2\/media?parent=9"}],"curies":[{"name":"wp","href":"https:\/\/api.w.org\/{rel}","templated":true}]}}