{"id":90,"date":"2024-12-23T14:58:46","date_gmt":"2024-12-23T13:58:46","guid":{"rendered":"https:\/\/service.rotoplastic.it\/www\/?page_id=90"},"modified":"2026-02-05T13:50:31","modified_gmt":"2026-02-05T12:50:31","slug":"industria-4-0","status":"publish","type":"page","link":"https:\/\/www.rotoplastic.net\/es\/rotoplastico\/industria-4-0\/","title":{"rendered":"INDUSTRIA 4.0"},"content":{"rendered":"<div id=\"content-4\" class=\"content-right-image-section content-image-right white-text-section\" style=\"background-color: #096177; background-image: none;\" data-label=\"Content\" data-id=\"content-image-right\" data-category=\"content\" data-ovid=\"ovid-content-4-111\">\n<div class=\"gridContainer\">\n<div class=\"content-right-image-gridcol\">\n<div class=\"content-right-image-textcol dynamic-color\" data-type=\"column\">\n<p class=\"large_text\">Aumentar el nivel de automatizaci\u00f3n de los sistemas mediante la implantaci\u00f3n de procesos y conexiones de Industria 4.0 para mejorar los tiempos de producci\u00f3n optimizando la intervenci\u00f3n humana en los procesos de gesti\u00f3n y toma de decisiones.<\/p>\n<p class=\"\">Aumentando la fiabilidad y durabilidad de las m\u00e1quinas, seleccionando los mejores componentes y dise\u00f1ando el sistema con precisi\u00f3n, para reducir los costes de explotaci\u00f3n del cliente y aumentar la vida \u00fatil de las l\u00edneas de producci\u00f3n. Adem\u00e1s de Investigaci\u00f3n y Desarrollo, Rotoplastic a\u00f1ade un servicio t\u00e9cnico, presencial y a distancia, para garantizar a sus clientes todo el apoyo necesario, desde el an\u00e1lisis de viabilidad, estrat\u00e9gico para proyectos ad hoc adaptados a las necesidades de producci\u00f3n requeridas, a la instalaci\u00f3n, formaci\u00f3n, hasta el mantenimiento y servicio post-venta.<\/p>\n\n<\/div>\n<div class=\"content-right-image-imgcol\" data-type=\"column\"><img decoding=\"async\" class=\"\" src=\"https:\/\/www.rotoplastic.net\/wp-content\/uploads\/2024\/12\/4.0-R4.jpg\" alt=\"\" \/><\/div>\n<\/div>\n<\/div>\n<\/div>\n<div id=\"features-2\" class=\"features-image-cards-section white-text-section\" style=\"background-color: rgba(255, 255, 255, 0); background-image: none;\" data-label=\"Features\" data-id=\"features-image-cards-section\" data-category=\"features\" data-ovid=\"ovid-features-2-133\">\n<div class=\"gridContainer\">\n<div class=\"features-image-cards-textrow\">\n<div class=\"features-image-cards-textcol dynamic-color\" data-type=\"column\">\n<h2 class=\"\">ALTA TECNOLOG\u00cdA<\/h2>\n<p class=\"\">S\u00f3lo utilizamos productos de gama alta y sistemas de control y supervisi\u00f3n de \u00faltima generaci\u00f3n<\/p>\n\n<\/div>\n<\/div>\n<div class=\"features-image-cards-innerrow flexbox-list dark-text\" data-type=\"row\">\n<div class=\"features-image-cards-cardcol cp6cols-tablet cp3cols\">\n<div class=\"features-image-cards-cardrow\"><img decoding=\"async\" class=\"features-image-cards-featimg\" src=\"https:\/\/www.rotoplastic.net\/wp-content\/uploads\/2024\/12\/database.jpg\" alt=\"\" \/>\n<div class=\"features-image-cards-cardtextrow\" data-type=\"column\">\n<h4 class=\"\">ALMACENAMIENTO DE DATOS<\/h4>\n<p class=\"\">Todos los datos de producci\u00f3n se almacenan localmente en una base de datos SQL, a la que se puede acceder tanto localmente como a trav\u00e9s de la intranet de la empresa.<\/p>\n<a class=\"\" href=\"#\" target=\"_self\" data-reiki-hidden=\"true\"><i class=\"font-icon-22 fa fa-arrow-circle-right color6\" data-cp-fa=\"true\"><\/i>\u00a0saber m\u00e1s<\/a>\n\n<\/div>\n<\/div>\n<\/div>\n<div class=\"features-image-cards-cardcol cp6cols-tablet cp3cols\">\n<div class=\"features-image-cards-cardrow\"><img decoding=\"async\" class=\"features-image-cards-featimg\" src=\"https:\/\/www.rotoplastic.net\/wp-content\/uploads\/2024\/12\/R.png\" alt=\"\" \/>\n<div class=\"features-image-cards-cardtextrow\" data-type=\"column\">\n<h4 class=\"\">CONTROL SIEMENS<\/h4>\n<p class=\"\">Gestione della macchina tramite PLC SIEMENS di ultima generazione, il PLC in uso ha un\u00a0 sistema safety integrato e la gestione della sicurezza \u00e8 perfettamente integrata.<\/p>\n<a class=\"\" href=\"#\" target=\"_self\" data-reiki-hidden=\"true\"><i class=\"font-icon-22 fa fa-arrow-circle-right color6\" data-cp-fa=\"true\"><\/i>\u00a0saber m\u00e1s<\/a>\n\n<\/div>\n<\/div>\n<\/div>\n<div class=\"features-image-cards-cardcol cp6cols-tablet cp3cols\">\n<div class=\"features-image-cards-cardrow\"><img decoding=\"async\" class=\"features-image-cards-featimg\" src=\"https:\/\/www.rotoplastic.net\/wp-content\/uploads\/2024\/12\/profint.jpg\" alt=\"\" \/>\n<div class=\"features-image-cards-cardtextrow\" data-type=\"column\">\n<h4 class=\"\">TECNOLOG\u00cdA PROFINET<\/h4>\n<p class=\"\">Todos los dispositivos de control y accionamientos se conectan a trav\u00e9s de la red PROFINET de alta velocidad.<\/p>\n<a class=\"\" href=\"#\" target=\"_self\" data-reiki-hidden=\"true\"><i class=\"font-icon-22 fa fa-arrow-circle-right color6\" data-cp-fa=\"true\"><\/i>\u00a0saber m\u00e1s<\/a>\n\n<\/div>\n<\/div>\n<\/div>\n<div class=\"features-image-cards-cardcol cp6cols-tablet cp3cols\">\n<div class=\"features-image-cards-cardrow\"><img decoding=\"async\" class=\"features-image-cards-featimg\" src=\"https:\/\/www.rotoplastic.net\/wp-content\/uploads\/2024\/12\/grafana.jpg\" alt=\"\" \/>\n<div class=\"features-image-cards-cardtextrow\" data-type=\"column\">\n<h4 class=\"\">SALPICADERO REMOTO<\/h4>\n<p class=\"\">A trav\u00e9s de una interfaz remota es posible supervisar la producci\u00f3n y el estado de funcionamiento de la m\u00e1quina.<\/p>\n<a class=\"\" href=\"#\" target=\"_self\" data-reiki-hidden=\"true\"><i class=\"font-icon-22 fa fa-arrow-circle-right color6\" data-cp-fa=\"true\"><\/i>\u00a0saber m\u00e1s<\/a>\n\n<\/div>\n<\/div>\n<\/div>\n<\/div>\n<\/div>\n<\/div>\n<div id=\"content-3\" class=\"content-left-image-section content-image-left white-text-section\" style=\"background-color: #096177; background-image: none;\" data-label=\"Content\" data-id=\"content-image-left\" data-category=\"content\" data-ovid=\"ovid-content-3-128\">\n<div class=\"gridContainer\">\n<div class=\"row\">\n<div class=\"content-left-image-imgcol\" data-type=\"column\"><img decoding=\"async\" class=\"\" src=\"https:\/\/service.www.rotoplastic.net\/www\/wp-content\/uploads\/2024\/12\/GRAFANA-1.png\" alt=\"\" \/> <img decoding=\"async\" class=\"custom-image\" src=\"https:\/\/www.rotoplastic.net\/wp-content\/uploads\/2024\/12\/GRAFANA-1.png\" alt=\"\" \/><\/div>\n<div class=\"content-left-image-textcol dynamic-color\" data-type=\"column\">\n<h2 class=\"\">Nunca se hab\u00edan visto controles tan minuciosos<\/h2>\n<p class=\"large_text\">Nuestro panel de control remoto basado en la nube permite al cliente supervisar la m\u00e1quina en tiempo real, as\u00ed como analizar con precisi\u00f3n la producci\u00f3n y el rendimiento de la m\u00e1quina a lo largo del tiempo.<\/p>\n\n<\/div>\n<\/div>\n<\/div>\n<\/div>","protected":false},"excerpt":{"rendered":"<p>Aumentar el nivel de automatizaci\u00f3n del sistema, implementando procesos y conexiones de Industria 4.0, para mejorar el tiempo de producci\u00f3n optimizando la intervenci\u00f3n humana en los procesos de gesti\u00f3n y toma de decisiones. Aumentar la fiabilidad y durabilidad de las m\u00e1quinas seleccionando los mejores componentes y dise\u00f1ando el sistema con precisi\u00f3n, para reducir los costes operativos del cliente y... <br \/> <a class=\"button small blue\" href=\"https:\/\/www.rotoplastic.net\/es\/rotoplastico\/industria-4-0\/\">Leer m\u00e1s<\/a><\/p>","protected":false},"author":2,"featured_media":0,"parent":89,"menu_order":0,"comment_status":"closed","ping_status":"closed","template":"full-width-page.php","meta":{"footnotes":""},"class_list":["post-90","page","type-page","status-publish","hentry"],"_links":{"self":[{"href":"https:\/\/www.rotoplastic.net\/es\/wp-json\/wp\/v2\/pages\/90","targetHints":{"allow":["GET"]}}],"collection":[{"href":"https:\/\/www.rotoplastic.net\/es\/wp-json\/wp\/v2\/pages"}],"about":[{"href":"https:\/\/www.rotoplastic.net\/es\/wp-json\/wp\/v2\/types\/page"}],"author":[{"embeddable":true,"href":"https:\/\/www.rotoplastic.net\/es\/wp-json\/wp\/v2\/users\/2"}],"replies":[{"embeddable":true,"href":"https:\/\/www.rotoplastic.net\/es\/wp-json\/wp\/v2\/comments?post=90"}],"version-history":[{"count":13,"href":"https:\/\/www.rotoplastic.net\/es\/wp-json\/wp\/v2\/pages\/90\/revisions"}],"predecessor-version":[{"id":401,"href":"https:\/\/www.rotoplastic.net\/es\/wp-json\/wp\/v2\/pages\/90\/revisions\/401"}],"up":[{"embeddable":true,"href":"https:\/\/www.rotoplastic.net\/es\/wp-json\/wp\/v2\/pages\/89"}],"wp:attachment":[{"href":"https:\/\/www.rotoplastic.net\/es\/wp-json\/wp\/v2\/media?parent=90"}],"curies":[{"name":"wp","href":"https:\/\/api.w.org\/{rel}","templated":true}]}}